{"id":24,"date":"2017-09-19T09:10:54","date_gmt":"2017-09-19T07:10:54","guid":{"rendered":"http:\/\/swissplus.kunden.loewenstark.de\/?page_id=24"},"modified":"2022-03-01T06:11:17","modified_gmt":"2022-03-01T05:11:17","slug":"maison","status":"publish","type":"page","link":"https:\/\/swissplus.net\/fr\/","title":{"rendered":"Maison"},"content":{"rendered":"<div class=\"wpb-content-wrapper\"><p>[vc_row][vc_column][vc_single_image image=\u00a0\u00bb4254&Prime; img_size=\u00a0\u00bbfull\u00a0\u00bb alignment=\u00a0\u00bbcenter\u00a0\u00bb][vc_column_text]<\/p>\n<h1 class=\"h3\" style=\"text-align: center;\"><span id=\"result_box\" class=\"short_text\" lang=\"fr\"><span class=\"\">La collection de canap\u00e9s-lit de<\/span><\/span> Swiss Plus<\/h1>\n<p>[\/vc_column_text][\/vc_column][\/vc_row][vc_row][vc_column width=\u00a0\u00bb1\/2&Prime;][vc_column_text]\n\t\t<div class=\"vc-teaser-outer\">\n\t\t\t<div class=\"vc-teaser\">\n\t\t\t\t<div class=\"vc-teaser-titel\">Duetto<\/div>\n\t\t\t\t<div class=\"vc-teaser-utitel\"><\/div>\n\t\t\t\t<div class=\"vc-teaser-link\"><a href=\"\/fr\/produkt\/duetto\/\">Cliquez ici<\/a><\/div>\n\t\t\t<\/div>\n\t\t\t<div class=\"vc-teaser-bild\"><a href=\"\/fr\/produkt\/duetto\/\"><img decoding=\"async\" src=\"https:\/\/swissplus.net\/wp-content\/uploads\/10_BED_for_Living_Duetto_kompaktes_Sofabett-1110x600.jpg\" \/><\/a><\/div>\n\t\t<\/div>\n        [\/vc_column_text][\/vc_column][vc_column width=\u00a0\u00bb1\/2&Prime;][vc_column_text]\n\t\t<div class=\"vc-teaser-outer\">\n\t\t\t<div class=\"vc-teaser\">\n\t\t\t\t<div class=\"vc-teaser-titel\">Duetto - Deluxe<\/div>\n\t\t\t\t<div class=\"vc-teaser-utitel\"><\/div>\n\t\t\t\t<div class=\"vc-teaser-link\"><a href=\"\/fr\/produkt\/duetto-deluxe-2\/\">Cliquez ici<\/a><\/div>\n\t\t\t<\/div>\n\t\t\t<div class=\"vc-teaser-bild\"><a href=\"\/fr\/produkt\/duetto-deluxe-2\/\"><img decoding=\"async\" src=\"https:\/\/swissplus.net\/wp-content\/uploads\/11_BED_for_Living_Duetto_Deluxe_kompaktes_Bettsofa_Designpreis-1110x600.jpg\" \/><\/a><\/div>\n\t\t<\/div>\n        [\/vc_column_text][\/vc_column][\/vc_row][vc_row][vc_column width=\u00a0\u00bb2\/3&Prime;][vc_column_text]\n\t\t<div class=\"vc-teaser-outer\">\n\t\t\t<div class=\"vc-teaser\">\n\t\t\t\t<div class=\"vc-teaser-titel\">Salone<\/div>\n\t\t\t\t<div class=\"vc-teaser-utitel\"><\/div>\n\t\t\t\t<div class=\"vc-teaser-link\"><a href=\"\/fr\/produkt\/salone\/\">Cliquez ici<\/a><\/div>\n\t\t\t<\/div>\n\t\t\t<div class=\"vc-teaser-bild\"><a href=\"\/fr\/produkt\/salone\/\"><img decoding=\"async\" src=\"https:\/\/swissplus.net\/wp-content\/uploads\/8_BED_for_Living_Salone_Bettsofa_Lounge-1500x600.jpg\" \/><\/a><\/div>\n\t\t<\/div>\n        [\/vc_column_text][\/vc_column][vc_column width=\u00a0\u00bb1\/3&Prime;][vc_column_text]\n\t\t<div class=\"vc-teaser-outer\">\n\t\t\t<div class=\"vc-teaser\">\n\t\t\t\t<div class=\"vc-teaser-titel\">Deluxe<\/div>\n\t\t\t\t<div class=\"vc-teaser-utitel\"><\/div>\n\t\t\t\t<div class=\"vc-teaser-link\"><a href=\"\/fr\/produkt\/deluxe\/\">Cliquez ici<\/a><\/div>\n\t\t\t<\/div>\n\t\t\t<div class=\"vc-teaser-bild\"><a href=\"\/fr\/produkt\/deluxe\/\"><img decoding=\"async\" src=\"https:\/\/swissplus.net\/wp-content\/uploads\/4_Deluxe_filigranes_Bettsofa-720x600.jpg\" \/><\/a><\/div>\n\t\t<\/div>\n        [\/vc_column_text][\/vc_column][\/vc_row][vc_row][vc_column width=\u00a0\u00bb1\/2&Prime;][vc_column_text]\n\t\t<div class=\"vc-teaser-outer\">\n\t\t\t<div class=\"vc-teaser\">\n\t\t\t\t<div class=\"vc-teaser-titel\">Singolo<\/div>\n\t\t\t\t<div class=\"vc-teaser-utitel\"><\/div>\n\t\t\t\t<div class=\"vc-teaser-link\"><a href=\"\/fr\/produkt\/singolo\/\">Cliquez ici<\/a><\/div>\n\t\t\t<\/div>\n\t\t\t<div class=\"vc-teaser-bild\"><a href=\"\/fr\/produkt\/singolo\/\"><img decoding=\"async\" src=\"https:\/\/swissplus.net\/wp-content\/uploads\/2_BED_for_Living_Singolo_Sofabett-1110x600.jpg\" \/><\/a><\/div>\n\t\t<\/div>\n        [\/vc_column_text][\/vc_column][vc_column width=\u00a0\u00bb1\/2&Prime;][vc_column_text]\n\t\t<div class=\"vc-teaser-outer\">\n\t\t\t<div class=\"vc-teaser\">\n\t\t\t\t<div class=\"vc-teaser-titel\">Cento-60<\/div>\n\t\t\t\t<div class=\"vc-teaser-utitel\"><\/div>\n\t\t\t\t<div class=\"vc-teaser-link\"><a href=\"\/fr\/produkt\/cento-60\/\">Cliquez ici<\/a><\/div>\n\t\t\t<\/div>\n\t\t\t<div class=\"vc-teaser-bild\"><a href=\"\/fr\/produkt\/cento-60\/\"><img decoding=\"async\" src=\"https:\/\/swissplus.net\/wp-content\/uploads\/3_BEDforLIVING_Cento-60_kompaktes_Schlafsofa-1110x600.jpg\" \/><\/a><\/div>\n\t\t<\/div>\n        [\/vc_column_text][\/vc_column][\/vc_row][vc_row][vc_column width=\u00a0\u00bb1\/3&Prime;][vc_column_text]\n\t\t<div class=\"vc-teaser-outer\">\n\t\t\t<div class=\"vc-teaser\">\n\t\t\t\t<div class=\"vc-teaser-titel\">Hocker<\/div>\n\t\t\t\t<div class=\"vc-teaser-utitel\"><\/div>\n\t\t\t\t<div class=\"vc-teaser-link\"><a href=\"\/fr\/produkt\/hocker\/\">Cliquez ici<\/a><\/div>\n\t\t\t<\/div>\n\t\t\t<div class=\"vc-teaser-bild\"><a href=\"\/fr\/produkt\/hocker\/\"><img decoding=\"async\" src=\"https:\/\/swissplus.net\/wp-content\/uploads\/5_BED_for_Living_Hocker_kompaktes_Schlafsofa-720x600.jpg\" \/><\/a><\/div>\n\t\t<\/div>\n        [\/vc_column_text][\/vc_column][vc_column width=\u00a0\u00bb2\/3&Prime;][vc_column_text]\n\t\t<div class=\"vc-teaser-outer\">\n\t\t\t<div class=\"vc-teaser\">\n\t\t\t\t<div class=\"vc-teaser-titel\">Divan<\/div>\n\t\t\t\t<div class=\"vc-teaser-utitel\"><\/div>\n\t\t\t\t<div class=\"vc-teaser-link\"><a href=\"\/fr\/produkt\/divan\/\">Cliquez ici<\/a><\/div>\n\t\t\t<\/div>\n\t\t\t<div class=\"vc-teaser-bild\"><a href=\"\/fr\/produkt\/divan\/\"><img decoding=\"async\" src=\"https:\/\/swissplus.net\/wp-content\/uploads\/7_BED_for_Living_Divan_elegants_Bettsofa-1500x600.jpg\" \/><\/a><\/div>\n\t\t<\/div>\n        [\/vc_column_text][\/vc_column][\/vc_row][vc_row][vc_column width=\u00a0\u00bb1\/2&Prime;][vc_column_text]\n\t\t<div class=\"vc-teaser-outer\">\n\t\t\t<div class=\"vc-teaser\">\n\t\t\t\t<div class=\"vc-teaser-titel\">Doppio<\/div>\n\t\t\t\t<div class=\"vc-teaser-utitel\"><\/div>\n\t\t\t\t<div class=\"vc-teaser-link\"><a href=\"\/fr\/produkt\/doppio\/\">Cliquez ici<\/a><\/div>\n\t\t\t<\/div>\n\t\t\t<div class=\"vc-teaser-bild\"><a href=\"\/fr\/produkt\/doppio\/\"><img decoding=\"async\" src=\"https:\/\/swissplus.net\/wp-content\/uploads\/1_BED_for_Living_Doppio_Bettsofa-1110x600.jpg\" \/><\/a><\/div>\n\t\t<\/div>\n        [\/vc_column_text][\/vc_column][vc_column width=\u00a0\u00bb1\/2&Prime;][vc_column_text]\n\t\t<div class=\"vc-teaser-outer\">\n\t\t\t<div class=\"vc-teaser\">\n\t\t\t\t<div class=\"vc-teaser-titel\">Daybed<\/div>\n\t\t\t\t<div class=\"vc-teaser-utitel\"><\/div>\n\t\t\t\t<div class=\"vc-teaser-link\"><a href=\"\/fr\/produkt\/daybed\/\">Cliquez ici<\/a><\/div>\n\t\t\t<\/div>\n\t\t\t<div class=\"vc-teaser-bild\"><a href=\"\/fr\/produkt\/daybed\/\"><img decoding=\"async\" src=\"https:\/\/swissplus.net\/wp-content\/uploads\/6_BED_for_Living_Daybed_elegante_Liege-1110x600.jpg\" \/><\/a><\/div>\n\t\t<\/div>\n        [\/vc_column_text][\/vc_column][\/vc_row][vc_row][vc_column width=\u00a0\u00bb2\/3&Prime;][vc_column_text]\n\t\t<div class=\"vc-teaser-outer\">\n\t\t\t<div class=\"vc-teaser\">\n\t\t\t\t<div class=\"vc-teaser-titel\">Spazio<\/div>\n\t\t\t\t<div class=\"vc-teaser-utitel\"><\/div>\n\t\t\t\t<div class=\"vc-teaser-link\"><a href=\"\/fr\/produkt\/spazio\/\">Cliquez ici<\/a><\/div>\n\t\t\t<\/div>\n\t\t\t<div class=\"vc-teaser-bild\"><a href=\"\/fr\/produkt\/spazio\/\"><img decoding=\"async\" src=\"https:\/\/swissplus.net\/wp-content\/uploads\/12_Spazio_Kacheln_3467x2357_wide-1500x600.jpg\" \/><\/a><\/div>\n\t\t<\/div>\n        [\/vc_column_text][\/vc_column][vc_column width=\u00a0\u00bb1\/3&Prime;][vc_column_text]\n\t\t<div class=\"vc-teaser-outer\">\n\t\t\t<div class=\"vc-teaser\">\n\t\t\t\t<div class=\"vc-teaser-titel\">Hocker Function<\/div>\n\t\t\t\t<div class=\"vc-teaser-utitel\"><\/div>\n\t\t\t\t<div class=\"vc-teaser-link\"><a href=\"\/fr\/produkt\/hocker-function\/\">Cliquez ici<\/a><\/div>\n\t\t\t<\/div>\n\t\t\t<div class=\"vc-teaser-bild\"><a href=\"\/fr\/produkt\/hocker-function\/\"><img decoding=\"async\" src=\"https:\/\/swissplus.net\/wp-content\/uploads\/13_Kacheln_Hocker_Function_3467x2357-720x600.jpg\" \/><\/a><\/div>\n\t\t<\/div>\n        [\/vc_column_text][\/vc_column][\/vc_row][vc_row css=\u00a0\u00bb.vc_custom_1646111350770{margin-bottom: 40px !important;}\u00a0\u00bb][vc_column width=\u00a0\u00bb1\/6&Prime;][\/vc_column][vc_column width=\u00a0\u00bb2\/3&Prime;][vc_column_text el_class=\u00a0\u00bbblocksatz\u00a0\u00bb]<\/p>\n<h2 style=\"text-align: center;\"><span id=\"result_box\" class=\"short_text\" lang=\"fr\"><span class=\"\">\u00c0 propos de nous<\/span><\/span><\/h2>\n<h3 style=\"text-align: center;\">SWISS PLUS AG<\/h3>\n<p>[\/vc_column_text][vc_column_text el_class=\u00a0\u00bbblocksatz\u00a0\u00bb]Lorsque nous avons cr\u00e9\u00e9 SWISS PLUS AG en 1998, nous poursuivions un objectif bien d\u00e9fini: cr\u00e9er des meubles au design exceptionnel qui font leurs preuves au quotidien et qui ont une dur\u00e9e de vie particuli\u00e8rement longue gr\u00e2ce \u00e0 leur qualit\u00e9 parfaite.<\/p>\n<p>Nous nous sommes d\u00e9velopp\u00e9s, nos meubles ont chang\u00e9, notre gamme de produits s\u2019est \u00e9largie. Toutefois, nous sommes rest\u00e9s fid\u00e8les \u00e0 nos principes \u2013 et c\u2019est la raison de notre r\u00e9ussite. Depuis le d\u00e9but, nous nous sommes sp\u00e9cialis\u00e9s dans la conception de canap\u00e9s-lits. Un meuble sophistiqu\u00e9, qui est la rencontre de nombreuses exigences: esth\u00e9tique, qualit\u00e9 et perfection dans les deux domaines d\u2019utilisation que repr\u00e9sentent le lit et le canap\u00e9.<\/p>\n<p>A chaque nouveaut\u00e9, nous rencontrons \u00e9galement de nouveaux d\u00e9fis: les proportions doivent \u00eatre \u00e9quilibr\u00e9es, les m\u00e9canismes ou les roues doivent \u00eatre dissimul\u00e9s \u00e0 l\u2019int\u00e9rieur du canap\u00e9-lit \u2013 et le meuble doit s\u2019int\u00e9grer de mani\u00e8re \u00e9l\u00e9gante et subtile dans les environnements les plus vari\u00e9s. Enfin, nous souhaitons s\u00e9duire avec des produits de qualit\u00e9 suisse et d\u2019un grand niveau de confort. Des distinctions comme l\u2019\u00abInterior Innovation Award Selection\u00bb obtenues pour le DOPPIO en 2007, pour le CENTO-60 en 2014 et pour le DELUXE en 2018 sont pour nous une preuve que nous sommes sur la bonne voie![\/vc_column_text][\/vc_column][vc_column width=\u00a0\u00bb1\/6&Prime;][\/vc_column][vc_column][\/vc_column][\/vc_row][vc_row full_width=\u00a0\u00bbstretch_row_content_no_spaces\u00a0\u00bb][vc_column width=\u00a0\u00bb1\/2&Prime;][vc_column_text]\n\t\t<div class=\"vc-teaserbreit-outer\">\n\t\t\t<div class=\"vc-teaserbreit\">\n\t\t\t\t<div class=\"vc-teaser-titel\">Notre classique<\/div>\n\t\t\t\t<div class=\"vc-teaser-utitel\"><\/div>\n\t\t\t\t<div class=\"vc-teaser-link\"><a href=\"\/fr\/produkt\/doppio\/\">Cliquez ici<\/a><\/div>\n\t\t\t<\/div>\n\t\t\t<div class=\"vc-teaser-bild\"><a href=\"\/fr\/produkt\/doppio\/\"><img decoding=\"async\" src=\"https:\/\/swissplus.net\/wp-content\/uploads\/Ebene-4-1210x600.png\" \/><\/a><\/div>\n\t\t<\/div>\n        [\/vc_column_text][\/vc_column][vc_column width=\u00a0\u00bb1\/2&Prime;][vc_column_text]\n\t\t<div class=\"vc-teaserbreit-outer\">\n\t\t\t<div class=\"vc-teaserbreit\">\n\t\t\t\t<div class=\"vc-teaser-titel\">Notre nouveaut\u00e9<\/div>\n\t\t\t\t<div class=\"vc-teaser-utitel\"><\/div>\n\t\t\t\t<div class=\"vc-teaser-link\"><a href=\"\/fr\/produkt\/deluxe\/\">Cliquez ici<\/a><\/div>\n\t\t\t<\/div>\n\t\t\t<div class=\"vc-teaser-bild\"><a href=\"\/fr\/produkt\/deluxe\/\"><img decoding=\"async\" src=\"https:\/\/swissplus.net\/wp-content\/uploads\/Ebene-7-1210x600.png\" \/><\/a><\/div>\n\t\t<\/div>\n        [\/vc_column_text][\/vc_column][\/vc_row]<\/p>\n<\/div>","protected":false},"excerpt":{"rendered":"[vc_row][vc_column][vc_single_image image=\u00a0\u00bb4254&Prime; img_size=\u00a0\u00bbfull\u00a0\u00bb alignment=\u00a0\u00bbcenter\u00a0\u00bb][vc_column_text] La collection de canap\u00e9s-lit de Swiss Plus [\/vc_column_text][\/vc_column][\/vc_row][vc_row][vc_column width=\u00a0\u00bb1\/2&Prime;][vc_column_text][\/vc_column_text][\/vc_column][vc_column width=\u00a0\u00bb1\/2&Prime;][vc_column_text][\/vc_column_text][\/vc_column][\/vc_row][vc_row][vc_column width=\u00a0\u00bb2\/3&Prime;][vc_column_text][\/vc_column_text][\/vc_column][vc_column width=\u00a0\u00bb1\/3&Prime;][vc_column_text][\/vc_column_text][\/vc_column][\/vc_row][vc_row][vc_column width=\u00a0\u00bb1\/2&Prime;][vc_column_text][\/vc_column_text][\/vc_column][vc_column width=\u00a0\u00bb1\/2&Prime;][vc_column_text][\/vc_column_text][\/vc_column][\/vc_row][vc_row][vc_column width=\u00a0\u00bb1\/3&Prime;][vc_column_text][\/vc_column_text][\/vc_column][vc_column width=\u00a0\u00bb2\/3&Prime;][vc_column_text][\/vc_column_text][\/vc_column][\/vc_row][vc_row][vc_column width=\u00a0\u00bb1\/2&Prime;][vc_column_text][\/vc_column_text][\/vc_column][vc_column width=\u00a0\u00bb1\/2&Prime;][vc_column_text][\/vc_column_text][\/vc_column][\/vc_row][vc_row][vc_column width=\u00a0\u00bb2\/3&Prime;][vc_column_text][\/vc_column_text][\/vc_column][vc_column width=\u00a0\u00bb1\/3&Prime;][vc_column_text][\/vc_column_text][\/vc_column][\/vc_row][vc_row css=\u00a0\u00bb.vc_custom_1646111350770{margin-bottom: 40px !important;}\u00a0\u00bb][vc_column width=\u00a0\u00bb1\/6&Prime;][\/vc_column][vc_column width=\u00a0\u00bb2\/3&Prime;][vc_column_text el_class=\u00a0\u00bbblocksatz\u00a0\u00bb] \u00c0 propos de nous SWISS PLUS AG [\/vc_column_text][vc_column_text el_class=\u00a0\u00bbblocksatz\u00a0\u00bb]Lorsque nous avons cr\u00e9\u00e9 SWISS PLUS AG en 1998, nous poursuivions un objectif bien d\u00e9fini: cr\u00e9er des&#8230; <a class=\"view-article\" href=\"https:\/\/swissplus.net\/fr\/\">Voir l&rsquo;article<\/a>","protected":false},"author":2,"featured_media":0,"parent":0,"menu_order":0,"comment_status":"closed","ping_status":"closed","template":"template-start.php","meta":{"_acf_changed":false,"footnotes":""},"class_list":["post-24","page","type-page","status-publish","hentry"],"acf":[],"yoast_head":"<!-- This site is optimized with the Yoast SEO plugin v27.4 - https:\/\/yoast.com\/product\/yoast-seo-wordpress\/ -->\n<title>Maison - canap\u00e9s de haute qualit\u00e9 - Swissplus<\/title>\n<meta name=\"description\" content=\"Maison - swissplus s&#039;est sp\u00e9cialis\u00e9 dans la conception de canap\u00e9s convertibles. Qualit\u00e9 suisse et un haut degr\u00e9 de confort et de commodit\u00e9.\" \/>\n<meta name=\"robots\" content=\"index, follow, max-snippet:-1, max-image-preview:large, max-video-preview:-1\" \/>\n<link rel=\"canonical\" href=\"https:\/\/swissplus.net\/fr\/\" \/>\n<meta property=\"og:locale\" content=\"fr_FR\" \/>\n<meta property=\"og:type\" content=\"article\" \/>\n<meta property=\"og:title\" content=\"Maison - canap\u00e9s de haute qualit\u00e9 - Swissplus\" \/>\n<meta property=\"og:description\" content=\"Maison - swissplus s&#039;est sp\u00e9cialis\u00e9 dans la conception de canap\u00e9s convertibles. Qualit\u00e9 suisse et un haut degr\u00e9 de confort et de commodit\u00e9.\" \/>\n<meta property=\"og:url\" content=\"https:\/\/swissplus.net\/fr\/\" \/>\n<meta property=\"og:site_name\" content=\"Swissplus\" \/>\n<meta property=\"article:publisher\" content=\"https:\/\/www.facebook.com\/SwissPlusAG\/\" \/>\n<meta property=\"article:modified_time\" content=\"2022-03-01T05:11:17+00:00\" \/>\n<meta name=\"twitter:card\" content=\"summary_large_image\" \/>\n<meta name=\"twitter:label1\" content=\"Dur\u00e9e de lecture estim\u00e9e\" \/>\n\t<meta name=\"twitter:data1\" content=\"2 minutes\" \/>\n<script type=\"application\/ld+json\" class=\"yoast-schema-graph\">{\"@context\":\"https:\\\/\\\/schema.org\",\"@graph\":[{\"@type\":\"WebPage\",\"@id\":\"https:\\\/\\\/swissplus.net\\\/fr\\\/\",\"url\":\"https:\\\/\\\/swissplus.net\\\/fr\\\/\",\"name\":\"Maison - canap\u00e9s de haute qualit\u00e9 - Swissplus\",\"isPartOf\":{\"@id\":\"https:\\\/\\\/swissplus.net\\\/#website\"},\"datePublished\":\"2017-09-19T07:10:54+00:00\",\"dateModified\":\"2022-03-01T05:11:17+00:00\",\"description\":\"Maison - swissplus s'est sp\u00e9cialis\u00e9 dans la conception de canap\u00e9s convertibles. Qualit\u00e9 suisse et un haut degr\u00e9 de confort et de commodit\u00e9.\",\"breadcrumb\":{\"@id\":\"https:\\\/\\\/swissplus.net\\\/fr\\\/#breadcrumb\"},\"inLanguage\":\"fr-FR\",\"potentialAction\":[{\"@type\":\"ReadAction\",\"target\":[\"https:\\\/\\\/swissplus.net\\\/fr\\\/\"]}]},{\"@type\":\"BreadcrumbList\",\"@id\":\"https:\\\/\\\/swissplus.net\\\/fr\\\/#breadcrumb\",\"itemListElement\":[{\"@type\":\"ListItem\",\"position\":1,\"name\":\"Swissplus\",\"item\":\"https:\\\/\\\/swissplus.net\\\/fr\\\/\"},{\"@type\":\"ListItem\",\"position\":2,\"name\":\"Maison\"}]},{\"@type\":\"WebSite\",\"@id\":\"https:\\\/\\\/swissplus.net\\\/#website\",\"url\":\"https:\\\/\\\/swissplus.net\\\/\",\"name\":\"Swissplus\",\"description\":\"Swissplus\",\"publisher\":{\"@id\":\"https:\\\/\\\/swissplus.net\\\/#organization\"},\"potentialAction\":[{\"@type\":\"SearchAction\",\"target\":{\"@type\":\"EntryPoint\",\"urlTemplate\":\"https:\\\/\\\/swissplus.net\\\/?s={search_term_string}\"},\"query-input\":{\"@type\":\"PropertyValueSpecification\",\"valueRequired\":true,\"valueName\":\"search_term_string\"}}],\"inLanguage\":\"fr-FR\"},{\"@type\":\"Organization\",\"@id\":\"https:\\\/\\\/swissplus.net\\\/#organization\",\"name\":\"Swissplus\",\"url\":\"https:\\\/\\\/swissplus.net\\\/\",\"logo\":{\"@type\":\"ImageObject\",\"inLanguage\":\"fr-FR\",\"@id\":\"https:\\\/\\\/swissplus.net\\\/#\\\/schema\\\/logo\\\/image\\\/\",\"url\":\"https:\\\/\\\/swissplus.net\\\/wp-content\\\/uploads\\\/Swissplus_Logo_4b_positiv_1.jpg\",\"contentUrl\":\"https:\\\/\\\/swissplus.net\\\/wp-content\\\/uploads\\\/Swissplus_Logo_4b_positiv_1.jpg\",\"width\":1181,\"height\":415,\"caption\":\"Swissplus\"},\"image\":{\"@id\":\"https:\\\/\\\/swissplus.net\\\/#\\\/schema\\\/logo\\\/image\\\/\"},\"sameAs\":[\"https:\\\/\\\/www.facebook.com\\\/SwissPlusAG\\\/\",\"https:\\\/\\\/www.instagram.com\\\/swiss_plus\\\/\"]}]}<\/script>\n<!-- \/ Yoast SEO plugin. -->","yoast_head_json":{"title":"Maison - canap\u00e9s de haute qualit\u00e9 - Swissplus","description":"Maison - swissplus s'est sp\u00e9cialis\u00e9 dans la conception de canap\u00e9s convertibles. Qualit\u00e9 suisse et un haut degr\u00e9 de confort et de commodit\u00e9.","robots":{"index":"index","follow":"follow","max-snippet":"max-snippet:-1","max-image-preview":"max-image-preview:large","max-video-preview":"max-video-preview:-1"},"canonical":"https:\/\/swissplus.net\/fr\/","og_locale":"fr_FR","og_type":"article","og_title":"Maison - canap\u00e9s de haute qualit\u00e9 - Swissplus","og_description":"Maison - swissplus s'est sp\u00e9cialis\u00e9 dans la conception de canap\u00e9s convertibles. Qualit\u00e9 suisse et un haut degr\u00e9 de confort et de commodit\u00e9.","og_url":"https:\/\/swissplus.net\/fr\/","og_site_name":"Swissplus","article_publisher":"https:\/\/www.facebook.com\/SwissPlusAG\/","article_modified_time":"2022-03-01T05:11:17+00:00","twitter_card":"summary_large_image","twitter_misc":{"Dur\u00e9e de lecture estim\u00e9e":"2 minutes"},"schema":{"@context":"https:\/\/schema.org","@graph":[{"@type":"WebPage","@id":"https:\/\/swissplus.net\/fr\/","url":"https:\/\/swissplus.net\/fr\/","name":"Maison - canap\u00e9s de haute qualit\u00e9 - Swissplus","isPartOf":{"@id":"https:\/\/swissplus.net\/#website"},"datePublished":"2017-09-19T07:10:54+00:00","dateModified":"2022-03-01T05:11:17+00:00","description":"Maison - swissplus s'est sp\u00e9cialis\u00e9 dans la conception de canap\u00e9s convertibles. Qualit\u00e9 suisse et un haut degr\u00e9 de confort et de commodit\u00e9.","breadcrumb":{"@id":"https:\/\/swissplus.net\/fr\/#breadcrumb"},"inLanguage":"fr-FR","potentialAction":[{"@type":"ReadAction","target":["https:\/\/swissplus.net\/fr\/"]}]},{"@type":"BreadcrumbList","@id":"https:\/\/swissplus.net\/fr\/#breadcrumb","itemListElement":[{"@type":"ListItem","position":1,"name":"Swissplus","item":"https:\/\/swissplus.net\/fr\/"},{"@type":"ListItem","position":2,"name":"Maison"}]},{"@type":"WebSite","@id":"https:\/\/swissplus.net\/#website","url":"https:\/\/swissplus.net\/","name":"Swissplus","description":"Swissplus","publisher":{"@id":"https:\/\/swissplus.net\/#organization"},"potentialAction":[{"@type":"SearchAction","target":{"@type":"EntryPoint","urlTemplate":"https:\/\/swissplus.net\/?s={search_term_string}"},"query-input":{"@type":"PropertyValueSpecification","valueRequired":true,"valueName":"search_term_string"}}],"inLanguage":"fr-FR"},{"@type":"Organization","@id":"https:\/\/swissplus.net\/#organization","name":"Swissplus","url":"https:\/\/swissplus.net\/","logo":{"@type":"ImageObject","inLanguage":"fr-FR","@id":"https:\/\/swissplus.net\/#\/schema\/logo\/image\/","url":"https:\/\/swissplus.net\/wp-content\/uploads\/Swissplus_Logo_4b_positiv_1.jpg","contentUrl":"https:\/\/swissplus.net\/wp-content\/uploads\/Swissplus_Logo_4b_positiv_1.jpg","width":1181,"height":415,"caption":"Swissplus"},"image":{"@id":"https:\/\/swissplus.net\/#\/schema\/logo\/image\/"},"sameAs":["https:\/\/www.facebook.com\/SwissPlusAG\/","https:\/\/www.instagram.com\/swiss_plus\/"]}]}},"_links":{"self":[{"href":"https:\/\/swissplus.net\/fr\/wp-json\/wp\/v2\/pages\/24","targetHints":{"allow":["GET"]}}],"collection":[{"href":"https:\/\/swissplus.net\/fr\/wp-json\/wp\/v2\/pages"}],"about":[{"href":"https:\/\/swissplus.net\/fr\/wp-json\/wp\/v2\/types\/page"}],"author":[{"embeddable":true,"href":"https:\/\/swissplus.net\/fr\/wp-json\/wp\/v2\/users\/2"}],"replies":[{"embeddable":true,"href":"https:\/\/swissplus.net\/fr\/wp-json\/wp\/v2\/comments?post=24"}],"version-history":[{"count":24,"href":"https:\/\/swissplus.net\/fr\/wp-json\/wp\/v2\/pages\/24\/revisions"}],"predecessor-version":[{"id":4260,"href":"https:\/\/swissplus.net\/fr\/wp-json\/wp\/v2\/pages\/24\/revisions\/4260"}],"wp:attachment":[{"href":"https:\/\/swissplus.net\/fr\/wp-json\/wp\/v2\/media?parent=24"}],"curies":[{"name":"wp","href":"https:\/\/api.w.org\/{rel}","templated":true}]}}