{"id":392,"date":"2017-09-18T14:20:27","date_gmt":"2017-09-18T12:20:27","guid":{"rendered":"https:\/\/swissplus.kunden.loewenstark.de\/kontakt\/"},"modified":"2025-12-22T10:38:18","modified_gmt":"2025-12-22T09:38:18","slug":"contact","status":"publish","type":"page","link":"https:\/\/swissplus.net\/fr\/contact\/","title":{"rendered":"Contact"},"content":{"rendered":"<div class=\"wpb-content-wrapper\"><p>[vc_row][vc_column][vc_column_text]<\/p>\n<h1 style=\"text-align: center;\"><span id=\"result_box\" class=\"short_text\" lang=\"fr\"><span class=\"\">S&rsquo;il vous pla\u00eet contactez-nous<\/span><\/span><\/h1>\n<div class=\"h3\" style=\"text-align: center;\"><span id=\"result_box\" class=\"\" lang=\"fr\">Faites-nous savoir vos pr\u00e9occupations. <span class=\"\">Nous vous contacterons.<\/span><\/span><\/div>\n<p>[\/vc_column_text][\/vc_column][\/vc_row][vc_row css=\u00a0\u00bb.vc_custom_1579663939365{margin-bottom: 60px !important;}\u00a0\u00bb][vc_column][vc_raw_html]JTVCd3Bmb3JtcyUyMGlkJTNEJTIyMTI2MiUyMiUyMHRpdGxlJTNEJTIyZmFsc2UlMjIlMjBkZXNjcmlwdGlvbiUzRCUyMmZhbHNlJTIyJTVE[\/vc_raw_html][\/vc_column][\/vc_row][vc_row full_width=\u00a0\u00bbstretch_row\u00a0\u00bb css=\u00a0\u00bb.vc_custom_1507106935332{background-color: #f6f6f6 !important;}\u00a0\u00bb][vc_column][vc_column_text]<\/p>\n<h2 style=\"text-align: center;\"><span id=\"result_box\" class=\"short_text\" lang=\"fr\"><span class=\"\">Notre showroom \u00e0 Zurich<\/span><\/span><\/h2>\n<div class=\"h3\" style=\"text-align: center;\"><span id=\"result_box\" class=\"short_text\" lang=\"fr\"><span class=\"\">Venez \u00e0 notre si\u00e8ge<\/span><\/span><\/div>\n<p>[\/vc_column_text][vc_row_inner][vc_column_inner width=\u00a0\u00bb1\/4&Prime;][vc_raw_html]JTNDcCUyMGNsYXNzJTNEJTIydXBwZXJjYXNlJTIyJTNFJTNDc3Ryb25nJTNFU3dpc3MlMjBQbHVzJTIwJTI4c2klQzMlQThnZSUyMHByaW5jaXBhbCUyOSUzQyUyRnN0cm9uZyUzRSUzQyUyRnAlM0UlMEElMEElM0NwJTIwY2xhc3MlM0QlMjJ1cHBlcmNhc2UlMjIlM0VTd2lzcyUyMFBsdXMlMjBBRyUzQyUyRnAlM0UlMEElM0NhJTIwaHJlZiUzRCUyMmh0dHBzJTNBJTJGJTJGd3d3Lmdvb2dsZS5jb20lMkZtYXBzJTJGcGxhY2UlMkZXZXJkc3RyYXNzZSUyQjIlMkMlMkI4MDA0JTJCWiUyNUMzJTI1QkNyaWNoJTJDJTJCU3dpdHplcmxhbmQlMkZkYXRhJTNEJTIxNG0yJTIxM20xJTIxMXMweDQ3OTAwYTA0YmExZTIzZjklM0EweDUxNDQ2YWVjNWFjMjIzMWYlM0ZzYSUzRFglMjZ2ZWQlM0QyYWhVS0V3akJ1cm54NGFMb0FoVlFVMzBLSFdzYkFpa1E4Z0V3QUhvRUNGWVFBUSUyMiUyMHRhcmdldCUzRCUyMl9ibGFuayUyMiUzRSUwQSUzQ2RpdiUyMGNsYXNzJTNEJTIyaWNvbi1hZHJlc3NlJTIyJTNFV2VyZHN0cmFzc2UlMjAyJTNDYnIlMjAlMkYlM0UlMEE4MDA0JTIwWiVDMyVCQ3JpY2glM0MlMkZkaXYlM0UlMEElM0MlMkZhJTNFJTBBJTNDZGl2JTIwY2xhc3MlM0QlMjJpY29uLXRlbCUyMiUzRVQlQzMlQTlsLiUzQ2JyJTIwJTJGJTNFJTBBJTNDYSUyMGhyZWYlMjAlM0QlMjAlMjJ0ZWwlM0ElMkI0MTQzMjQzODkxMCUyMiUzRSUyQjQxJTIwJTI4MCUyOTQzJTIwMjQzJTIwODklMjAxMCUzQyUyRmElM0UlM0MlMkZkaXYlM0UlMEElM0NkaXYlMjBjbGFzcyUzRCUyMmljb24tZmF4JTIyJTNFRmF4JTNDYnIlMjAlMkYlM0UlMEElM0NhJTIwaHJlZiUyMCUzRCUyMCUyMnRlbCUzQSUyQjQxNDMyNDM4OTEyJTIyJTNFJTJCNDElMjAlMjgwJTI5NDMlMjAyNDMlMjA4OSUyMDEyJTNDJTJGYSUzRSUzQyUyRmRpdiUzRSUwQSUzQ2RpdiUyMGNsYXNzJTNEJTIyaWNvbi1lbWFpbCUyMiUzRUUtbWFpbCUzQ2JyJTIwJTJGJTNFJTBBJTNDYSUyMGhyZWYlMjAlM0QlMjAlMjJtYWlsdG8lM0FhdWZ0cmFnJTQwc3dpc3NwbHVzLm5ldCUyMiUzRWF1ZnRyYWclNDBzd2lzc3BsdXMubmV0JTNDJTJGYSUzRSUzQyUyRmRpdiUzRSUwQSUzQ2RpdiUyMGNsYXNzJTNEJTIyaWNvbi11aHIlMjIlM0VsZXMlMjBoZXVyZXMlMjBkJTI3b3V2ZXJ0dXJlJTNDYnIlMjAlMkYlM0UlMEFMdW5kaSUyMC0lMjBWZW5kcmVkaSUzQSUzQ2JyJTIwJTJGJTNFJTBBMTEuMzAlMjAlRTIlODAlOTMlMjAxOC4zMCUyMGhldXJlcyUzQ2JyJTIwJTJGJTNFJTBBU2FtZWRpJTNBJTNDYnIlMjAlMkYlM0UlMEExMC4wMCUyMCVFMiU4MCU5MyUyMDE2LjMwJTIwaGV1cmVzJTNDJTJGZGl2JTNF[\/vc_raw_html][\/vc_column_inner][vc_column_inner width=\u00a0\u00bb3\/4&Prime;][vc_raw_html]JTVCYm9ybGFicy1jb29raWUlMjBpZCUzRCUyMmdvb2dsZS1tYXBzJTIyJTIwdHlwZSUzRCUyMmNvbnRlbnQtYmxvY2tlciUyMiU1RCUwQSUzQ2lmcmFtZSUyMHNyYyUzRCUyMmh0dHBzJTNBJTJGJTJGd3d3Lmdvb2dsZS5jb20lMkZtYXBzJTJGZW1iZWQlM0ZwYiUzRCUyMTFtMTglMjExbTEyJTIxMW0zJTIxMWQyNzAxLjk4Mjc1MzcyOTgxOTclMjEyZDguNTI4OTA3MzE1NjIyNDM5JTIxM2Q0Ny4zNzMyNTUwNzkxNjk4NiUyMTJtMyUyMTFmMCUyMTJmMCUyMTNmMCUyMTNtMiUyMTFpMTAyNCUyMTJpNzY4JTIxNGYxMy4xJTIxM20zJTIxMW0yJTIxMXMweDQ3OTAwYTA0Yjk4ZTg3YWYlMjUzQTB4OTEzYzM5NTc4MDhhY2E4ZSUyMTJzU1dJU1MlMkJQTFVTJTJCRGVzaWduJTIxNWUwJTIxM20yJTIxMXNkZSUyMTJzZGUlMjE0djE1MDcxMDMzNjM1MzklMjIlMjB3aWR0aCUzRCUyMjEwMCUyNSUyMiUyMGhlaWdodCUzRCUyMjQwMCUyMiUyMGZyYW1lYm9yZGVyJTNEJTIyMCUyMiUyMHN0eWxlJTNEJTIyYm9yZGVyJTNBMCUyMiUyMGFsbG93ZnVsbHNjcmVlbiUzRSUzQyUyRmlmcmFtZSUzRSUwQSU1QiUyRmJvcmxhYnMtY29va2llJTVE[\/vc_raw_html][\/vc_column_inner][\/vc_row_inner][\/vc_column][\/vc_row][vc_row full_width=\u00a0\u00bbstretch_row\u00a0\u00bb css=\u00a0\u00bb.vc_custom_1507106935332{background-color: #f6f6f6 !important;}\u00a0\u00bb][vc_column][vc_column_text]<\/p>\n<h2 style=\"text-align: center;\"><span class=\"short_text\" lang=\"fr\"><span class=\"\">Notre showroom \u00e0\u00a0<\/span><\/span>M\u00fcnchen<\/h2>\n<div class=\"h3\" style=\"text-align: center;\">Thierschstr. 38, 80538 M\u00fcnchen<\/div>\n<p>[\/vc_column_text][vc_row_inner][vc_column_inner width=\u00a0\u00bb1\/4&Prime;][vc_raw_html]JTNDcCUyMGNsYXNzJTNEJTIydXBwZXJjYXNlJTIyJTNFJTNDc3Ryb25nJTNFU3dpc3MlMjBQbHVzJTIwJTI4c2klQzMlQThnZSUyMHByaW5jaXBhbCUyOSUzQyUyRnN0cm9uZyUzRSUzQyUyRnAlM0UlMEElMEElM0NwJTIwY2xhc3MlM0QlMjJ1cHBlcmNhc2UlMjIlM0VTd2lzcyUyMFBsdXMlMjBBRyUzQyUyRnAlM0UlMEElM0NhJTIwaHJlZiUzRCUyMmh0dHBzJTNBJTJGJTJGd3d3Lmdvb2dsZS5jb20lMkZtYXBzJTJGcGxhY2UlMkZUaGllcnNjaHN0cmElMjVDMyUyNTlGZSUyQjE0JTJDJTJCODA1MzglMkJNJTI1QzMlMjVCQ25jaGVuJTJDJTJCR2VybWFueSUyRmRhdGElM0QlMjE0bTIlMjEzbTElMjExczB4NDc5ZTc1ODgyNDc2ZWZlNSUzQTB4NDA4Yjc1MGZlOWUwYjgzMSUzRnNhJTNEWCUyNnZlZCUzRDJhaFVLRXdqNWk2U000cUxvQWhXWWJ5c0tIVW5HRGtjUThnRXdBSG9FQ0ZrUUFRJTIyJTIwdGFyZ2V0JTNEJTIyX2JsYW5rJTIyJTNFJTBBJTNDZGl2JTIwY2xhc3MlM0QlMjJpY29uLWFkcmVzc2UlMjIlM0VUaGllcnNjaHN0ci4lMjAzOCUzQ2JyJTIwJTJGJTNFJTBBODA1MzglMjBNJUMzJUJDbmNoZW4lM0MlMkZkaXYlM0UlMEElM0MlMkZhJTNFJTBBJTNDZGl2JTIwY2xhc3MlM0QlMjJpY29uLXRlbCUyMiUzRVQlQzMlQTlsLiUzQ2JyJTIwJTJGJTNFJTBBJTNDYSUyMGhyZWYlMjAlM0QlMjAlMjJ0ZWwlM0ElMkI0OTE3MjM4OTAxOTYlMjIlM0UlMkI0OSUyMCUyODAlMjkxNzIzODkwMTk2JTNDJTJGYSUzRSUzQyUyRmRpdiUzRSUwQSUzQ2RpdiUyMGNsYXNzJTNEJTIyaWNvbi1lbWFpbCUyMiUzRUUtbWFpbCUzQ2JyJTIwJTJGJTNFJTBBJTNDYSUyMGhyZWYlMjAlM0QlMjAlMjJtYWlsdG8lM0FtdWVuY2hlbiU0MHN3aXNzcGx1cy5uZXQlMjIlM0VtdWVuY2hlbiU0MHN3aXNzcGx1cy5uZXQlM0MlMkZhJTNFJTNDJTJGZGl2JTNFJTBBJTNDZGl2JTIwY2xhc3MlM0QlMjJpY29uLXVociUyMiUzRWxlcyUyMGhldXJlcyUyMGQlMjdvdXZlcnR1cmUlM0NiciUyMCUyRiUzRSUwQURpLUZyJTIwMTEuMDAlMjAlRTIlODAlOTMlMjAxOC4zMCUyMCUzQ2JyJTIwJTJGJTNFJTBBU2ElMjAxMC4wMCUyMCVFMiU4MCU5MyUyMDE2LjMwJTNDJTJGZGl2JTNF[\/vc_raw_html][\/vc_column_inner][vc_column_inner width=\u00a0\u00bb3\/4&Prime;][vc_raw_html]JTVCYm9ybGFicy1jb29raWUlMjBpZCUzRCUyMmdvb2dsZS1tYXBzJTIyJTIwdHlwZSUzRCUyMmNvbnRlbnQtYmxvY2tlciUyMiU1RCUwQSUzQ2lmcmFtZSUyMHNyYyUzRCUyMmh0dHBzJTNBJTJGJTJGd3d3Lmdvb2dsZS5jb20lMkZtYXBzJTJGZW1iZWQlMkZ2MSUyRnBsYWNlJTNGcSUzRFRISUVSU0NIU1RSLiUyNTIwMzglMjUyQyUyNTIwODA1MzglMjUyME0lMjVDMyUyNTlDTkNIRU4lMjZrZXklM0RBSXphU3lDc3U0dTh3VUVtekxJUkUtNlpITEdITV9RekgtN3hwS00lMjIlMjB3aWR0aCUzRCUyMjEwMCUyNSUyMiUyMGhlaWdodCUzRCUyMjQwMCUyMiUyMGZyYW1lYm9yZGVyJTNEJTIyMCUyMiUyMHN0eWxlJTNEJTIyYm9yZGVyJTNBMCUyMiUyMGFsbG93ZnVsbHNjcmVlbiUzRSUzQyUyRmlmcmFtZSUzRSUwQSU1QiUyRmJvcmxhYnMtY29va2llJTVE[\/vc_raw_html][\/vc_column_inner][\/vc_row_inner][\/vc_column][\/vc_row][vc_row][vc_column][vc_column_text css=\u00a0\u00bb\u00a0\u00bb]<\/p>\n<h3 class=\"h2\" style=\"text-align: center;\">Swiss Plus <span id=\"result_box\" class=\"short_text\" lang=\"fr\"><span class=\"\">en Europe<\/span><\/span><\/h3>\n<div class=\"h3\" style=\"text-align: center;\"><\/div>\n<p>[\/vc_column_text][vc_row_inner][vc_column_inner width=\u00a0\u00bb1\/3&Prime;][vc_raw_html css=\u00a0\u00bb\u00a0\u00bb]JTNDcCUyMGNsYXNzJTNEJTIydXBwZXJjYXNlJTIyJTNFJTNDc3Ryb25nJTNFU3dpc3MlMjBQbHVzJTIwJTNDJTJGc3Ryb25nJTNFJTNDYnIlMjAlMkYlM0UlMEElM0NwJTNFJTBBU3dpc3MlMjBQbHVzJTNDYnIlMjAlMkYlM0UlMEFWZW50ZXMlMjBldCUyMGRpc3RyaWJ1dGlvbiUzQyUyRnAlM0UlMEElM0NkaXYlMjBjbGFzcyUzRCUyMmljb24tdGVsJTIyJTNFVCVDMyVBOWwlQzMlQTlwaG9uZSUzQ2JyJTIwJTJGJTNFJTBBJTNDYSUyMGhyZWYlMjAlM0QlMjAlMjJ0ZWwlM0ElMkI0MTA0MzI0Mzg5MTAlMjIlM0UlMkI0MSUyMCUyODAlMjk0MyUyMDI0MyUyMDg5JTIwMTAlM0MlMkZhJTNFJTNDJTJGZGl2JTNFJTBBJTNDZGl2JTIwY2xhc3MlM0QlMjJpY29uLWVtYWlsJTIyJTNFRS1NYWlsJTNDYnIlMjAlMkYlM0UlMEElM0NhJTIwaHJlZiUzRCUyMm1haWx0byUzQWF1ZnRyYWclNDBzd2lzc3BsdXMubmV0JTIyJTNFYXVmdHJhZyU0MHN3aXNzcGx1cy5uZXQlM0MlMkZhJTNFJTNDJTJGZGl2JTNF[\/vc_raw_html][\/vc_column_inner][vc_column_inner width=\u00a0\u00bb1\/3&Prime;][vc_raw_html css=\u00a0\u00bb\u00a0\u00bb]JTNDcCUyMGNsYXNzJTNEJTIydXBwZXJjYXNlJTIyJTNFJTNDc3Ryb25nJTNFU3dpc3MlMjBQbHVzJTNDJTJGc3Ryb25nJTNFJTNDYnIlMjAlMkYlM0UlMEElM0NzdHJvbmclM0VHZXN0aW9uJTIwZGVzJTIwdmVudGVzJTNDJTJGc3Ryb25nJTNFJTNDYnIlMjAlMkYlM0UlMEElM0MlMkZwJTNFJTBBUm95YSUyME1vc2VyJTNDJTJGcCUzRSUwQSUzQ2RpdiUyMGNsYXNzJTNEJTIyaWNvbi10ZWwlMjIlM0VUJUMzJUE5bCVDMyVBOXBob25lJTNDYnIlMjAlMkYlM0UlMEElM0NhJTIwaHJlZiUyMCUzRCUyMCUyMnRlbCUzQSUyQjQxNzgzMzM4NDIyJTIyJTNFJTJCNDElMjAlMjgwJTI5NzglMjAzMzMlMjA4NCUyMDIyJTNDJTJGYSUzRSUzQyUyRmRpdiUzRSUwQSUzQ2RpdiUyMGNsYXNzJTNEJTIyaWNvbi1lbWFpbCUyMiUzRUUtTWFpbCUzQ2JyJTIwJTJGJTNFJTBBJTNDYSUyMGhyZWYlM0QlMjJtYWlsdG8lM0Fyb3lhLm1vc2VyJTQwc3dpc3NwbHVzLm5ldCUyMiUzRXJveWEubW9zZXIlNDBzd2lzc3BsdXMubmV0JTNDJTJGYSUzRSUzQyUyRmRpdiUzRQ==[\/vc_raw_html][\/vc_column_inner][vc_column_inner width=\u00a0\u00bb1\/3&Prime;][vc_raw_html css=\u00a0\u00bb\u00a0\u00bb]JTNDcCUyMGNsYXNzJTNEJTIydXBwZXJjYXNlJTIyJTNFJTNDc3Ryb25nJTNFU3dpc3MlMjBQbHVzJTIwJTNDJTJGc3Ryb25nJTNFJTNDYnIlMjAlMkYlM0UlMEElM0NzdHJvbmclM0VCZXJsaW4lMjBldCUyMEhhbWJvdXJnJTNDJTJGc3Ryb25nJTNFJTNDYnIlMjAlMkYlM0UlMEElM0NwJTNFJTBBQlJBTkRTTElWSU5HLiUzQ2JyJTIwJTJGJTNFJTBBJTNDZGl2JTIwY2xhc3MlM0QlMjJpY29uLXRlbCUyMiUzRVQlQzMlQTlsJUMzJUE5cGhvbmUlM0NiciUyMCUyRiUzRSUwQSUzQ2ElMjBocmVmJTIwJTNEJTIwJTIydGVsJTNBJTJCNDkxNjM2MTg2NDgzJTIyJTNFJTJCNDklMjAlMjgwJTI5MTYzJTIwNjE4JTIwNjQ4MyUzQyUyRmElM0UlM0MlMkZkaXYlM0UlMEElM0NkaXYlMjBjbGFzcyUzRCUyMmljb24tZW1haWwlMjIlM0VFLU1haWwlM0NiciUyMCUyRiUzRSUwQSUzQ2ElMjBocmVmJTNEJTIybWFpbHRvJTNBd2VsY29tZSU0MGJyYW5kc2xpdmluZy5jb20lMjIlM0V3ZWxjb21lJTQwYnJhbmRzbGl2aW5nLmNvbSUzQyUyRmElM0UlM0MlMkZkaXYlM0U=[\/vc_raw_html][\/vc_column_inner][\/vc_row_inner][vc_row_inner][vc_column_inner width=\u00a0\u00bb1\/3&Prime;][\/vc_column_inner][vc_column_inner width=\u00a0\u00bb1\/3&Prime;][vc_single_image image=\u00a0\u00bb159&Prime; img_size=\u00a0\u00bbfull\u00a0\u00bb][\/vc_column_inner][vc_column_inner width=\u00a0\u00bb1\/3&Prime;][\/vc_column_inner][\/vc_row_inner][\/vc_column][\/vc_row]<\/p>\n<\/div>","protected":false},"excerpt":{"rendered":"[vc_row][vc_column][vc_column_text] S&rsquo;il vous pla\u00eet contactez-nous Faites-nous savoir vos pr\u00e9occupations. Nous vous contacterons. [\/vc_column_text][\/vc_column][\/vc_row][vc_row css=\u00a0\u00bb.vc_custom_1579663939365{margin-bottom: 60px !important;}\u00a0\u00bb][vc_column][vc_raw_html]JTVCd3Bmb3JtcyUyMGlkJTNEJTIyMTI2MiUyMiUyMHRpdGxlJTNEJTIyZmFsc2UlMjIlMjBkZXNjcmlwdGlvbiUzRCUyMmZhbHNlJTIyJTVE[\/vc_raw_html][\/vc_column][\/vc_row][vc_row full_width=\u00a0\u00bbstretch_row\u00a0\u00bb css=\u00a0\u00bb.vc_custom_1507106935332{background-color: #f6f6f6 !important;}\u00a0\u00bb][vc_column][vc_column_text] Notre showroom \u00e0 Zurich Venez \u00e0 notre si\u00e8ge [\/vc_column_text][vc_row_inner][vc_column_inner width=\u00a0\u00bb1\/4&Prime;][vc_raw_html]JTNDcCUyMGNsYXNzJTNEJTIydXBwZXJjYXNlJTIyJTNFJTNDc3Ryb25nJTNFU3dpc3MlMjBQbHVzJTIwJTI4c2klQzMlQThnZSUyMHByaW5jaXBhbCUyOSUzQyUyRnN0cm9uZyUzRSUzQyUyRnAlM0UlMEElMEElM0NwJTIwY2xhc3MlM0QlMjJ1cHBlcmNhc2UlMjIlM0VTd2lzcyUyMFBsdXMlMjBBRyUzQyUyRnAlM0UlMEElM0NhJTIwaHJlZiUzRCUyMmh0dHBzJTNBJTJGJTJGd3d3Lmdvb2dsZS5jb20lMkZtYXBzJTJGcGxhY2UlMkZXZXJkc3RyYXNzZSUyQjIlMkMlMkI4MDA0JTJCWiUyNUMzJTI1QkNyaWNoJTJDJTJCU3dpdHplcmxhbmQlMkZkYXRhJTNEJTIxNG0yJTIxM20xJTIxMXMweDQ3OTAwYTA0YmExZTIzZjklM0EweDUxNDQ2YWVjNWFjMjIzMWYlM0ZzYSUzRFglMjZ2ZWQlM0QyYWhVS0V3akJ1cm54NGFMb0FoVlFVMzBLSFdzYkFpa1E4Z0V3QUhvRUNGWVFBUSUyMiUyMHRhcmdldCUzRCUyMl9ibGFuayUyMiUzRSUwQSUzQ2RpdiUyMGNsYXNzJTNEJTIyaWNvbi1hZHJlc3NlJTIyJTNFV2VyZHN0cmFzc2UlMjAyJTNDYnIlMjAlMkYlM0UlMEE4MDA0JTIwWiVDMyVCQ3JpY2glM0MlMkZkaXYlM0UlMEElM0MlMkZhJTNFJTBBJTNDZGl2JTIwY2xhc3MlM0QlMjJpY29uLXRlbCUyMiUzRVQlQzMlQTlsLiUzQ2JyJTIwJTJGJTNFJTBBJTNDYSUyMGhyZWYlMjAlM0QlMjAlMjJ0ZWwlM0ElMkI0MTQzMjQzODkxMCUyMiUzRSUyQjQxJTIwJTI4MCUyOTQzJTIwMjQzJTIwODklMjAxMCUzQyUyRmElM0UlM0MlMkZkaXYlM0UlMEElM0NkaXYlMjBjbGFzcyUzRCUyMmljb24tZmF4JTIyJTNFRmF4JTNDYnIlMjAlMkYlM0UlMEElM0NhJTIwaHJlZiUyMCUzRCUyMCUyMnRlbCUzQSUyQjQxNDMyNDM4OTEyJTIyJTNFJTJCNDElMjAlMjgwJTI5NDMlMjAyNDMlMjA4OSUyMDEyJTNDJTJGYSUzRSUzQyUyRmRpdiUzRSUwQSUzQ2RpdiUyMGNsYXNzJTNEJTIyaWNvbi1lbWFpbCUyMiUzRUUtbWFpbCUzQ2JyJTIwJTJGJTNFJTBBJTNDYSUyMGhyZWYlMjAlM0QlMjAlMjJtYWlsdG8lM0FhdWZ0cmFnJTQwc3dpc3NwbHVzLm5ldCUyMiUzRWF1ZnRyYWclNDBzd2lzc3BsdXMubmV0JTNDJTJGYSUzRSUzQyUyRmRpdiUzRSUwQSUzQ2RpdiUyMGNsYXNzJTNEJTIyaWNvbi11aHIlMjIlM0VsZXMlMjBoZXVyZXMlMjBkJTI3b3V2ZXJ0dXJlJTNDYnIlMjAlMkYlM0UlMEFMdW5kaSUyMC0lMjBWZW5kcmVkaSUzQSUzQ2JyJTIwJTJGJTNFJTBBMTEuMzAlMjAlRTIlODAlOTMlMjAxOC4zMCUyMGhldXJlcyUzQ2JyJTIwJTJGJTNFJTBBU2FtZWRpJTNBJTNDYnIlMjAlMkYlM0UlMEExMC4wMCUyMCVFMiU4MCU5MyUyMDE2LjMwJTIwaGV1cmVzJTNDJTJGZGl2JTNF[\/vc_raw_html][\/vc_column_inner][vc_column_inner width=\u00a0\u00bb3\/4&Prime;][vc_raw_html]JTVCYm9ybGFicy1jb29raWUlMjBpZCUzRCUyMmdvb2dsZS1tYXBzJTIyJTIwdHlwZSUzRCUyMmNvbnRlbnQtYmxvY2tlciUyMiU1RCUwQSUzQ2lmcmFtZSUyMHNyYyUzRCUyMmh0dHBzJTNBJTJGJTJGd3d3Lmdvb2dsZS5jb20lMkZtYXBzJTJGZW1iZWQlM0ZwYiUzRCUyMTFtMTglMjExbTEyJTIxMW0zJTIxMWQyNzAxLjk4Mjc1MzcyOTgxOTclMjEyZDguNTI4OTA3MzE1NjIyNDM5JTIxM2Q0Ny4zNzMyNTUwNzkxNjk4NiUyMTJtMyUyMTFmMCUyMTJmMCUyMTNmMCUyMTNtMiUyMTFpMTAyNCUyMTJpNzY4JTIxNGYxMy4xJTIxM20zJTIxMW0yJTIxMXMweDQ3OTAwYTA0Yjk4ZTg3YWYlMjUzQTB4OTEzYzM5NTc4MDhhY2E4ZSUyMTJzU1dJU1MlMkJQTFVTJTJCRGVzaWduJTIxNWUwJTIxM20yJTIxMXNkZSUyMTJzZGUlMjE0djE1MDcxMDMzNjM1MzklMjIlMjB3aWR0aCUzRCUyMjEwMCUyNSUyMiUyMGhlaWdodCUzRCUyMjQwMCUyMiUyMGZyYW1lYm9yZGVyJTNEJTIyMCUyMiUyMHN0eWxlJTNEJTIyYm9yZGVyJTNBMCUyMiUyMGFsbG93ZnVsbHNjcmVlbiUzRSUzQyUyRmlmcmFtZSUzRSUwQSU1QiUyRmJvcmxhYnMtY29va2llJTVE[\/vc_raw_html][\/vc_column_inner][\/vc_row_inner][\/vc_column][\/vc_row][vc_row full_width=\u00a0\u00bbstretch_row\u00a0\u00bb css=\u00a0\u00bb.vc_custom_1507106935332{background-color: #f6f6f6 !important;}\u00a0\u00bb][vc_column][vc_column_text] Notre showroom \u00e0\u00a0M\u00fcnchen Thierschstr. 38, 80538 M\u00fcnchen [\/vc_column_text][vc_row_inner][vc_column_inner width=\u00a0\u00bb1\/4&Prime;][vc_raw_html]JTNDcCUyMGNsYXNzJTNEJTIydXBwZXJjYXNlJTIyJTNFJTNDc3Ryb25nJTNFU3dpc3MlMjBQbHVzJTIwJTI4c2klQzMlQThnZSUyMHByaW5jaXBhbCUyOSUzQyUyRnN0cm9uZyUzRSUzQyUyRnAlM0UlMEElMEElM0NwJTIwY2xhc3MlM0QlMjJ1cHBlcmNhc2UlMjIlM0VTd2lzcyUyMFBsdXMlMjBBRyUzQyUyRnAlM0UlMEElM0NhJTIwaHJlZiUzRCUyMmh0dHBzJTNBJTJGJTJGd3d3Lmdvb2dsZS5jb20lMkZtYXBzJTJGcGxhY2UlMkZUaGllcnNjaHN0cmElMjVDMyUyNTlGZSUyQjE0JTJDJTJCODA1MzglMkJNJTI1QzMlMjVCQ25jaGVuJTJDJTJCR2VybWFueSUyRmRhdGElM0QlMjE0bTIlMjEzbTElMjExczB4NDc5ZTc1ODgyNDc2ZWZlNSUzQTB4NDA4Yjc1MGZlOWUwYjgzMSUzRnNhJTNEWCUyNnZlZCUzRDJhaFVLRXdqNWk2U000cUxvQWhXWWJ5c0tIVW5HRGtjUThnRXdBSG9FQ0ZrUUFRJTIyJTIwdGFyZ2V0JTNEJTIyX2JsYW5rJTIyJTNFJTBBJTNDZGl2JTIwY2xhc3MlM0QlMjJpY29uLWFkcmVzc2UlMjIlM0VUaGllcnNjaHN0ci4lMjAzOCUzQ2JyJTIwJTJGJTNFJTBBODA1MzglMjBNJUMzJUJDbmNoZW4lM0MlMkZkaXYlM0UlMEElM0MlMkZhJTNFJTBBJTNDZGl2JTIwY2xhc3MlM0QlMjJpY29uLXRlbCUyMiUzRVQlQzMlQTlsLiUzQ2JyJTIwJTJGJTNFJTBBJTNDYSUyMGhyZWYlMjAlM0QlMjAlMjJ0ZWwlM0ElMkI0OTE3MjM4OTAxOTYlMjIlM0UlMkI0OSUyMCUyODAlMjkxNzIzODkwMTk2JTNDJTJGYSUzRSUzQyUyRmRpdiUzRSUwQSUzQ2RpdiUyMGNsYXNzJTNEJTIyaWNvbi1lbWFpbCUyMiUzRUUtbWFpbCUzQ2JyJTIwJTJGJTNFJTBBJTNDYSUyMGhyZWYlMjAlM0QlMjAlMjJtYWlsdG8lM0FtdWVuY2hlbiU0MHN3aXNzcGx1cy5uZXQlMjIlM0VtdWVuY2hlbiU0MHN3aXNzcGx1cy5uZXQlM0MlMkZhJTNFJTNDJTJGZGl2JTNFJTBBJTNDZGl2JTIwY2xhc3MlM0QlMjJpY29uLXVociUyMiUzRWxlcyUyMGhldXJlcyUyMGQlMjdvdXZlcnR1cmUlM0NiciUyMCUyRiUzRSUwQURpLUZyJTIwMTEuMDAlMjAlRTIlODAlOTMlMjAxOC4zMCUyMCUzQ2JyJTIwJTJGJTNFJTBBU2ElMjAxMC4wMCUyMCVFMiU4MCU5MyUyMDE2LjMwJTNDJTJGZGl2JTNF[\/vc_raw_html][\/vc_column_inner][vc_column_inner width=\u00a0\u00bb3\/4&Prime;][vc_raw_html]JTVCYm9ybGFicy1jb29raWUlMjBpZCUzRCUyMmdvb2dsZS1tYXBzJTIyJTIwdHlwZSUzRCUyMmNvbnRlbnQtYmxvY2tlciUyMiU1RCUwQSUzQ2lmcmFtZSUyMHNyYyUzRCUyMmh0dHBzJTNBJTJGJTJGd3d3Lmdvb2dsZS5jb20lMkZtYXBzJTJGZW1iZWQlMkZ2MSUyRnBsYWNlJTNGcSUzRFRISUVSU0NIU1RSLiUyNTIwMzglMjUyQyUyNTIwODA1MzglMjUyME0lMjVDMyUyNTlDTkNIRU4lMjZrZXklM0RBSXphU3lDc3U0dTh3VUVtekxJUkUtNlpITEdITV9RekgtN3hwS00lMjIlMjB3aWR0aCUzRCUyMjEwMCUyNSUyMiUyMGhlaWdodCUzRCUyMjQwMCUyMiUyMGZyYW1lYm9yZGVyJTNEJTIyMCUyMiUyMHN0eWxlJTNEJTIyYm9yZGVyJTNBMCUyMiUyMGFsbG93ZnVsbHNjcmVlbiUzRSUzQyUyRmlmcmFtZSUzRSUwQSU1QiUyRmJvcmxhYnMtY29va2llJTVE[\/vc_raw_html][\/vc_column_inner][\/vc_row_inner][\/vc_column][\/vc_row][vc_row][vc_column][vc_column_text css=\u00a0\u00bb\u00a0\u00bb] Swiss Plus en Europe [\/vc_column_text][vc_row_inner][vc_column_inner width=\u00a0\u00bb1\/3&Prime;][vc_raw_html css=\u00a0\u00bb\u00a0\u00bb]JTNDcCUyMGNsYXNzJTNEJTIydXBwZXJjYXNlJTIyJTNFJTNDc3Ryb25nJTNFU3dpc3MlMjBQbHVzJTIwJTNDJTJGc3Ryb25nJTNFJTNDYnIlMjAlMkYlM0UlMEElM0NwJTNFJTBBU3dpc3MlMjBQbHVzJTNDYnIlMjAlMkYlM0UlMEFWZW50ZXMlMjBldCUyMGRpc3RyaWJ1dGlvbiUzQyUyRnAlM0UlMEElM0NkaXYlMjBjbGFzcyUzRCUyMmljb24tdGVsJTIyJTNFVCVDMyVBOWwlQzMlQTlwaG9uZSUzQ2JyJTIwJTJGJTNFJTBBJTNDYSUyMGhyZWYlMjAlM0QlMjAlMjJ0ZWwlM0ElMkI0MTA0MzI0Mzg5MTAlMjIlM0UlMkI0MSUyMCUyODAlMjk0MyUyMDI0MyUyMDg5JTIwMTAlM0MlMkZhJTNFJTNDJTJGZGl2JTNFJTBBJTNDZGl2JTIwY2xhc3MlM0QlMjJpY29uLWVtYWlsJTIyJTNFRS1NYWlsJTNDYnIlMjAlMkYlM0UlMEElM0NhJTIwaHJlZiUzRCUyMm1haWx0byUzQWF1ZnRyYWclNDBzd2lzc3BsdXMubmV0JTIyJTNFYXVmdHJhZyU0MHN3aXNzcGx1cy5uZXQlM0MlMkZhJTNFJTNDJTJGZGl2JTNF[\/vc_raw_html][\/vc_column_inner][vc_column_inner width=\u00a0\u00bb1\/3&Prime;][vc_raw_html css=\u00a0\u00bb\u00a0\u00bb]JTNDcCUyMGNsYXNzJTNEJTIydXBwZXJjYXNlJTIyJTNFJTNDc3Ryb25nJTNFU3dpc3MlMjBQbHVzJTNDJTJGc3Ryb25nJTNFJTNDYnIlMjAlMkYlM0UlMEElM0NzdHJvbmclM0VHZXN0aW9uJTIwZGVzJTIwdmVudGVzJTNDJTJGc3Ryb25nJTNFJTNDYnIlMjAlMkYlM0UlMEElM0MlMkZwJTNFJTBBUm95YSUyME1vc2VyJTNDJTJGcCUzRSUwQSUzQ2RpdiUyMGNsYXNzJTNEJTIyaWNvbi10ZWwlMjIlM0VUJUMzJUE5bCVDMyVBOXBob25lJTNDYnIlMjAlMkYlM0UlMEElM0NhJTIwaHJlZiUyMCUzRCUyMCUyMnRlbCUzQSUyQjQxNzgzMzM4NDIyJTIyJTNFJTJCNDElMjAlMjgwJTI5NzglMjAzMzMlMjA4NCUyMDIyJTNDJTJGYSUzRSUzQyUyRmRpdiUzRSUwQSUzQ2RpdiUyMGNsYXNzJTNEJTIyaWNvbi1lbWFpbCUyMiUzRUUtTWFpbCUzQ2JyJTIwJTJGJTNFJTBBJTNDYSUyMGhyZWYlM0QlMjJtYWlsdG8lM0Fyb3lhLm1vc2VyJTQwc3dpc3NwbHVzLm5ldCUyMiUzRXJveWEubW9zZXIlNDBzd2lzc3BsdXMubmV0JTNDJTJGYSUzRSUzQyUyRmRpdiUzRQ==[\/vc_raw_html][\/vc_column_inner][vc_column_inner&#8230; <a class=\"view-article\" href=\"https:\/\/swissplus.net\/fr\/contact\/\">Voir l&rsquo;article<\/a>","protected":false},"author":2,"featured_media":0,"parent":0,"menu_order":0,"comment_status":"closed","ping_status":"closed","template":"","meta":{"_acf_changed":false,"footnotes":""},"class_list":["post-392","page","type-page","status-publish","hentry"],"acf":[],"yoast_head":"<!-- This site is optimized with the Yoast SEO plugin v27.4 - https:\/\/yoast.com\/product\/yoast-seo-wordpress\/ -->\n<title>Contact - canap\u00e9s de haute qualit\u00e9 - Swissplus<\/title>\n<meta name=\"description\" content=\"Contact - swissplus s&#039;est sp\u00e9cialis\u00e9 dans la conception de canap\u00e9s convertibles. Qualit\u00e9 suisse et un haut degr\u00e9 de confort et de commodit\u00e9.\" \/>\n<meta name=\"robots\" content=\"index, follow, max-snippet:-1, max-image-preview:large, max-video-preview:-1\" \/>\n<link rel=\"canonical\" href=\"https:\/\/swissplus.net\/fr\/contact\/\" \/>\n<meta property=\"og:locale\" content=\"fr_FR\" \/>\n<meta property=\"og:type\" content=\"article\" \/>\n<meta property=\"og:title\" content=\"Contact - canap\u00e9s de haute qualit\u00e9 - Swissplus\" \/>\n<meta property=\"og:description\" content=\"Contact - swissplus s&#039;est sp\u00e9cialis\u00e9 dans la conception de canap\u00e9s convertibles. Qualit\u00e9 suisse et un haut degr\u00e9 de confort et de commodit\u00e9.\" \/>\n<meta property=\"og:url\" content=\"https:\/\/swissplus.net\/fr\/contact\/\" \/>\n<meta property=\"og:site_name\" content=\"Swissplus\" \/>\n<meta property=\"article:publisher\" content=\"https:\/\/www.facebook.com\/SwissPlusAG\/\" \/>\n<meta property=\"article:modified_time\" content=\"2025-12-22T09:38:18+00:00\" \/>\n<meta name=\"twitter:card\" content=\"summary_large_image\" \/>\n<meta name=\"twitter:label1\" content=\"Dur\u00e9e de lecture estim\u00e9e\" \/>\n\t<meta name=\"twitter:data1\" content=\"1 minute\" \/>\n<script type=\"application\/ld+json\" class=\"yoast-schema-graph\">{\"@context\":\"https:\\\/\\\/schema.org\",\"@graph\":[{\"@type\":\"WebPage\",\"@id\":\"https:\\\/\\\/swissplus.net\\\/fr\\\/contact\\\/\",\"url\":\"https:\\\/\\\/swissplus.net\\\/fr\\\/contact\\\/\",\"name\":\"Contact - canap\u00e9s de haute qualit\u00e9 - Swissplus\",\"isPartOf\":{\"@id\":\"https:\\\/\\\/swissplus.net\\\/#website\"},\"datePublished\":\"2017-09-18T12:20:27+00:00\",\"dateModified\":\"2025-12-22T09:38:18+00:00\",\"description\":\"Contact - swissplus s'est sp\u00e9cialis\u00e9 dans la conception de canap\u00e9s convertibles. Qualit\u00e9 suisse et un haut degr\u00e9 de confort et de commodit\u00e9.\",\"breadcrumb\":{\"@id\":\"https:\\\/\\\/swissplus.net\\\/fr\\\/contact\\\/#breadcrumb\"},\"inLanguage\":\"fr-FR\",\"potentialAction\":[{\"@type\":\"ReadAction\",\"target\":[\"https:\\\/\\\/swissplus.net\\\/fr\\\/contact\\\/\"]}]},{\"@type\":\"BreadcrumbList\",\"@id\":\"https:\\\/\\\/swissplus.net\\\/fr\\\/contact\\\/#breadcrumb\",\"itemListElement\":[{\"@type\":\"ListItem\",\"position\":1,\"name\":\"Swissplus\",\"item\":\"https:\\\/\\\/swissplus.net\\\/fr\\\/\"},{\"@type\":\"ListItem\",\"position\":2,\"name\":\"Contact\"}]},{\"@type\":\"WebSite\",\"@id\":\"https:\\\/\\\/swissplus.net\\\/#website\",\"url\":\"https:\\\/\\\/swissplus.net\\\/\",\"name\":\"Swissplus\",\"description\":\"Swissplus\",\"publisher\":{\"@id\":\"https:\\\/\\\/swissplus.net\\\/#organization\"},\"potentialAction\":[{\"@type\":\"SearchAction\",\"target\":{\"@type\":\"EntryPoint\",\"urlTemplate\":\"https:\\\/\\\/swissplus.net\\\/?s={search_term_string}\"},\"query-input\":{\"@type\":\"PropertyValueSpecification\",\"valueRequired\":true,\"valueName\":\"search_term_string\"}}],\"inLanguage\":\"fr-FR\"},{\"@type\":\"Organization\",\"@id\":\"https:\\\/\\\/swissplus.net\\\/#organization\",\"name\":\"Swissplus\",\"url\":\"https:\\\/\\\/swissplus.net\\\/\",\"logo\":{\"@type\":\"ImageObject\",\"inLanguage\":\"fr-FR\",\"@id\":\"https:\\\/\\\/swissplus.net\\\/#\\\/schema\\\/logo\\\/image\\\/\",\"url\":\"https:\\\/\\\/swissplus.net\\\/wp-content\\\/uploads\\\/Swissplus_Logo_4b_positiv_1.jpg\",\"contentUrl\":\"https:\\\/\\\/swissplus.net\\\/wp-content\\\/uploads\\\/Swissplus_Logo_4b_positiv_1.jpg\",\"width\":1181,\"height\":415,\"caption\":\"Swissplus\"},\"image\":{\"@id\":\"https:\\\/\\\/swissplus.net\\\/#\\\/schema\\\/logo\\\/image\\\/\"},\"sameAs\":[\"https:\\\/\\\/www.facebook.com\\\/SwissPlusAG\\\/\",\"https:\\\/\\\/www.instagram.com\\\/swiss_plus\\\/\"]}]}<\/script>\n<!-- \/ Yoast SEO plugin. -->","yoast_head_json":{"title":"Contact - canap\u00e9s de haute qualit\u00e9 - Swissplus","description":"Contact - swissplus s'est sp\u00e9cialis\u00e9 dans la conception de canap\u00e9s convertibles. Qualit\u00e9 suisse et un haut degr\u00e9 de confort et de commodit\u00e9.","robots":{"index":"index","follow":"follow","max-snippet":"max-snippet:-1","max-image-preview":"max-image-preview:large","max-video-preview":"max-video-preview:-1"},"canonical":"https:\/\/swissplus.net\/fr\/contact\/","og_locale":"fr_FR","og_type":"article","og_title":"Contact - canap\u00e9s de haute qualit\u00e9 - Swissplus","og_description":"Contact - swissplus s'est sp\u00e9cialis\u00e9 dans la conception de canap\u00e9s convertibles. Qualit\u00e9 suisse et un haut degr\u00e9 de confort et de commodit\u00e9.","og_url":"https:\/\/swissplus.net\/fr\/contact\/","og_site_name":"Swissplus","article_publisher":"https:\/\/www.facebook.com\/SwissPlusAG\/","article_modified_time":"2025-12-22T09:38:18+00:00","twitter_card":"summary_large_image","twitter_misc":{"Dur\u00e9e de lecture estim\u00e9e":"1 minute"},"schema":{"@context":"https:\/\/schema.org","@graph":[{"@type":"WebPage","@id":"https:\/\/swissplus.net\/fr\/contact\/","url":"https:\/\/swissplus.net\/fr\/contact\/","name":"Contact - canap\u00e9s de haute qualit\u00e9 - Swissplus","isPartOf":{"@id":"https:\/\/swissplus.net\/#website"},"datePublished":"2017-09-18T12:20:27+00:00","dateModified":"2025-12-22T09:38:18+00:00","description":"Contact - swissplus s'est sp\u00e9cialis\u00e9 dans la conception de canap\u00e9s convertibles. Qualit\u00e9 suisse et un haut degr\u00e9 de confort et de commodit\u00e9.","breadcrumb":{"@id":"https:\/\/swissplus.net\/fr\/contact\/#breadcrumb"},"inLanguage":"fr-FR","potentialAction":[{"@type":"ReadAction","target":["https:\/\/swissplus.net\/fr\/contact\/"]}]},{"@type":"BreadcrumbList","@id":"https:\/\/swissplus.net\/fr\/contact\/#breadcrumb","itemListElement":[{"@type":"ListItem","position":1,"name":"Swissplus","item":"https:\/\/swissplus.net\/fr\/"},{"@type":"ListItem","position":2,"name":"Contact"}]},{"@type":"WebSite","@id":"https:\/\/swissplus.net\/#website","url":"https:\/\/swissplus.net\/","name":"Swissplus","description":"Swissplus","publisher":{"@id":"https:\/\/swissplus.net\/#organization"},"potentialAction":[{"@type":"SearchAction","target":{"@type":"EntryPoint","urlTemplate":"https:\/\/swissplus.net\/?s={search_term_string}"},"query-input":{"@type":"PropertyValueSpecification","valueRequired":true,"valueName":"search_term_string"}}],"inLanguage":"fr-FR"},{"@type":"Organization","@id":"https:\/\/swissplus.net\/#organization","name":"Swissplus","url":"https:\/\/swissplus.net\/","logo":{"@type":"ImageObject","inLanguage":"fr-FR","@id":"https:\/\/swissplus.net\/#\/schema\/logo\/image\/","url":"https:\/\/swissplus.net\/wp-content\/uploads\/Swissplus_Logo_4b_positiv_1.jpg","contentUrl":"https:\/\/swissplus.net\/wp-content\/uploads\/Swissplus_Logo_4b_positiv_1.jpg","width":1181,"height":415,"caption":"Swissplus"},"image":{"@id":"https:\/\/swissplus.net\/#\/schema\/logo\/image\/"},"sameAs":["https:\/\/www.facebook.com\/SwissPlusAG\/","https:\/\/www.instagram.com\/swiss_plus\/"]}]}},"_links":{"self":[{"href":"https:\/\/swissplus.net\/fr\/wp-json\/wp\/v2\/pages\/392","targetHints":{"allow":["GET"]}}],"collection":[{"href":"https:\/\/swissplus.net\/fr\/wp-json\/wp\/v2\/pages"}],"about":[{"href":"https:\/\/swissplus.net\/fr\/wp-json\/wp\/v2\/types\/page"}],"author":[{"embeddable":true,"href":"https:\/\/swissplus.net\/fr\/wp-json\/wp\/v2\/users\/2"}],"replies":[{"embeddable":true,"href":"https:\/\/swissplus.net\/fr\/wp-json\/wp\/v2\/comments?post=392"}],"version-history":[{"count":60,"href":"https:\/\/swissplus.net\/fr\/wp-json\/wp\/v2\/pages\/392\/revisions"}],"predecessor-version":[{"id":6114,"href":"https:\/\/swissplus.net\/fr\/wp-json\/wp\/v2\/pages\/392\/revisions\/6114"}],"wp:attachment":[{"href":"https:\/\/swissplus.net\/fr\/wp-json\/wp\/v2\/media?parent=392"}],"curies":[{"name":"wp","href":"https:\/\/api.w.org\/{rel}","templated":true}]}}