{"id":410,"date":"2017-10-04T14:13:10","date_gmt":"2017-10-04T12:13:10","guid":{"rendered":"https:\/\/swissplus.kunden.loewenstark.de\/ueber-uns\/"},"modified":"2022-09-13T11:24:00","modified_gmt":"2022-09-13T09:24:00","slug":"portrait","status":"publish","type":"page","link":"https:\/\/swissplus.net\/fr\/portrait\/","title":{"rendered":"Portrait"},"content":{"rendered":"<div class=\"wpb-content-wrapper\"><p>[vc_row][vc_column][\/vc_column][\/vc_row][vc_row][vc_column width=\u00a0\u00bb1\/4&Prime;][vc_column_text css=\u00a0\u00bb.vc_custom_1509542859448{padding-top: 96px !important;}\u00a0\u00bb]<\/p>\n<div id=\"c109\" class=\"csc-default csc-space-before-30\">\n<p>SWISS PLUS<br \/>\nWerdstrasse 2 am Stauffacher<br \/>\n8004 Z\u00fcrich<\/p>\n<p>Telefon: +41 43 243 89 10<br \/>\nE-Mail: <a title=\"E-Mail an Swiss Plus\" href=\"mailto:auftrag@swissplus.net\">auftrag@swissplus.net<\/a><\/p>\n<\/div>\n<p>[\/vc_column_text][\/vc_column][vc_column width=\u00a0\u00bb2\/3&Prime;][vc_column_text]<\/p>\n<h1>Portrait<\/h1>\n<p>[\/vc_column_text][vc_column_text]Ch\u00e8res clientes, chers clients,<\/p>\n<p>Lorsque nous avons cr\u00e9\u00e9 SWISS PLUS AG en 1998, nous poursuivions un objectif bien d\u00e9fini: cr\u00e9er des meubles au design exceptionnel qui font leurs preuves au quotidien et qui ont une dur\u00e9e de vie particuli\u00e8rement longue gr\u00e2ce \u00e0 leur qualit\u00e9 parfaite.<\/p>\n<p>Nous nous sommes d\u00e9velopp\u00e9s, nos meubles ont chang\u00e9, notre gamme de produits s\u2019est \u00e9largie. Toutefois, nous sommes rest\u00e9s fid\u00e8les \u00e0 nos principes \u2013 et c\u2019est la raison de notre r\u00e9ussite. Depuis le d\u00e9but, nous nous sommes sp\u00e9cialis\u00e9s dans la conception de canap\u00e9s-lits. Un meuble sophistiqu\u00e9, qui est la rencontre de nombreuses exigences: esth\u00e9tique, qualit\u00e9 et perfection dans les deux domaines d\u2019utilisation que repr\u00e9sentent le lit et le canap\u00e9.<\/p>\n<p>A chaque nouveaut\u00e9, nous rencontrons \u00e9galement de nouveaux d\u00e9fis: les proportions doivent \u00eatre \u00e9quilibr\u00e9es, les m\u00e9canismes ou les roues doivent \u00eatre dissimul\u00e9s \u00e0 l\u2019int\u00e9rieur du canap\u00e9-lit \u2013 et le meuble doit s\u2019int\u00e9grer de mani\u00e8re \u00e9l\u00e9gante et subtile dans les environnements les plus vari\u00e9s. Enfin, nous souhaitons s\u00e9duire avec des produits de qualit\u00e9 suisse et d\u2019un grand niveau de confort. Des distinctions comme l\u2019\u00abInterior Innovation Award Selection\u00bb obtenues pour le DOPPIO en 2007 et pour le CENTO-60 en 2014 ou l\u2018\u00abIconic Award Selection\u00bb pour le DELUXE en 2018 sont pour nous une preuve que nous sommes sur la bonne voie!<\/p>\n<p>&nbsp;<\/p>\n<p>Nous vous remercions de l\u2019int\u00e9r\u00eat que vous portez \u00e0 nos produits et esp\u00e9rons qu\u2019ils vous apporteront une grande satisfaction.<\/p>\n<p>SWISS PLUS AG<\/p>\n<p>J\u00f6rg Keller[\/vc_column_text][vc_single_image image=\u00a0\u00bb4738&Prime; img_size=\u00a0\u00bbmedium\u00a0\u00bb][\/vc_column][\/vc_row]<\/p>\n<\/div>","protected":false},"excerpt":{"rendered":"[vc_row][vc_column][\/vc_column][\/vc_row][vc_row][vc_column width=\u00a0\u00bb1\/4&Prime;][vc_column_text css=\u00a0\u00bb.vc_custom_1509542859448{padding-top: 96px !important;}\u00a0\u00bb] SWISS PLUS Werdstrasse 2 am Stauffacher 8004 Z\u00fcrich Telefon: +41 43 243 89 10 E-Mail: auftrag@swissplus.net [\/vc_column_text][\/vc_column][vc_column width=\u00a0\u00bb2\/3&Prime;][vc_column_text] Portrait [\/vc_column_text][vc_column_text]Ch\u00e8res clientes, chers clients, Lorsque nous avons cr\u00e9\u00e9 SWISS PLUS AG en 1998, nous poursuivions un objectif bien d\u00e9fini: cr\u00e9er des meubles au design exceptionnel qui font leurs preuves au quotidien&#8230; <a class=\"view-article\" href=\"https:\/\/swissplus.net\/fr\/portrait\/\">Voir l&rsquo;article<\/a>","protected":false},"author":2,"featured_media":0,"parent":0,"menu_order":0,"comment_status":"closed","ping_status":"closed","template":"","meta":{"_acf_changed":false,"footnotes":""},"class_list":["post-410","page","type-page","status-publish","hentry"],"acf":[],"yoast_head":"<!-- This site is optimized with the Yoast SEO plugin v27.4 - https:\/\/yoast.com\/product\/yoast-seo-wordpress\/ -->\n<title>Portrait - canap\u00e9s de haute qualit\u00e9 - Swissplus<\/title>\n<meta name=\"description\" content=\"Portrait - swissplus s&#039;est sp\u00e9cialis\u00e9 dans la conception de canap\u00e9s convertibles. Qualit\u00e9 suisse et un haut degr\u00e9 de confort et de commodit\u00e9.\" \/>\n<meta name=\"robots\" content=\"index, follow, max-snippet:-1, max-image-preview:large, max-video-preview:-1\" \/>\n<link rel=\"canonical\" href=\"https:\/\/swissplus.net\/fr\/portrait\/\" \/>\n<meta property=\"og:locale\" content=\"fr_FR\" \/>\n<meta property=\"og:type\" content=\"article\" \/>\n<meta property=\"og:title\" content=\"Portrait - canap\u00e9s de haute qualit\u00e9 - Swissplus\" \/>\n<meta property=\"og:description\" content=\"Portrait - swissplus s&#039;est sp\u00e9cialis\u00e9 dans la conception de canap\u00e9s convertibles. Qualit\u00e9 suisse et un haut degr\u00e9 de confort et de commodit\u00e9.\" \/>\n<meta property=\"og:url\" content=\"https:\/\/swissplus.net\/fr\/portrait\/\" \/>\n<meta property=\"og:site_name\" content=\"Swissplus\" \/>\n<meta property=\"article:publisher\" content=\"https:\/\/www.facebook.com\/SwissPlusAG\/\" \/>\n<meta property=\"article:modified_time\" content=\"2022-09-13T09:24:00+00:00\" \/>\n<meta name=\"twitter:card\" content=\"summary_large_image\" \/>\n<meta name=\"twitter:label1\" content=\"Dur\u00e9e de lecture estim\u00e9e\" \/>\n\t<meta name=\"twitter:data1\" content=\"2 minutes\" \/>\n<script type=\"application\/ld+json\" class=\"yoast-schema-graph\">{\"@context\":\"https:\\\/\\\/schema.org\",\"@graph\":[{\"@type\":\"WebPage\",\"@id\":\"https:\\\/\\\/swissplus.net\\\/fr\\\/portrait\\\/\",\"url\":\"https:\\\/\\\/swissplus.net\\\/fr\\\/portrait\\\/\",\"name\":\"Portrait - canap\u00e9s de haute qualit\u00e9 - Swissplus\",\"isPartOf\":{\"@id\":\"https:\\\/\\\/swissplus.net\\\/#website\"},\"datePublished\":\"2017-10-04T12:13:10+00:00\",\"dateModified\":\"2022-09-13T09:24:00+00:00\",\"description\":\"Portrait - swissplus s'est sp\u00e9cialis\u00e9 dans la conception de canap\u00e9s convertibles. Qualit\u00e9 suisse et un haut degr\u00e9 de confort et de commodit\u00e9.\",\"breadcrumb\":{\"@id\":\"https:\\\/\\\/swissplus.net\\\/fr\\\/portrait\\\/#breadcrumb\"},\"inLanguage\":\"fr-FR\",\"potentialAction\":[{\"@type\":\"ReadAction\",\"target\":[\"https:\\\/\\\/swissplus.net\\\/fr\\\/portrait\\\/\"]}]},{\"@type\":\"BreadcrumbList\",\"@id\":\"https:\\\/\\\/swissplus.net\\\/fr\\\/portrait\\\/#breadcrumb\",\"itemListElement\":[{\"@type\":\"ListItem\",\"position\":1,\"name\":\"Swissplus\",\"item\":\"https:\\\/\\\/swissplus.net\\\/fr\\\/\"},{\"@type\":\"ListItem\",\"position\":2,\"name\":\"Portrait\"}]},{\"@type\":\"WebSite\",\"@id\":\"https:\\\/\\\/swissplus.net\\\/#website\",\"url\":\"https:\\\/\\\/swissplus.net\\\/\",\"name\":\"Swissplus\",\"description\":\"Swissplus\",\"publisher\":{\"@id\":\"https:\\\/\\\/swissplus.net\\\/#organization\"},\"potentialAction\":[{\"@type\":\"SearchAction\",\"target\":{\"@type\":\"EntryPoint\",\"urlTemplate\":\"https:\\\/\\\/swissplus.net\\\/?s={search_term_string}\"},\"query-input\":{\"@type\":\"PropertyValueSpecification\",\"valueRequired\":true,\"valueName\":\"search_term_string\"}}],\"inLanguage\":\"fr-FR\"},{\"@type\":\"Organization\",\"@id\":\"https:\\\/\\\/swissplus.net\\\/#organization\",\"name\":\"Swissplus\",\"url\":\"https:\\\/\\\/swissplus.net\\\/\",\"logo\":{\"@type\":\"ImageObject\",\"inLanguage\":\"fr-FR\",\"@id\":\"https:\\\/\\\/swissplus.net\\\/#\\\/schema\\\/logo\\\/image\\\/\",\"url\":\"https:\\\/\\\/swissplus.net\\\/wp-content\\\/uploads\\\/Swissplus_Logo_4b_positiv_1.jpg\",\"contentUrl\":\"https:\\\/\\\/swissplus.net\\\/wp-content\\\/uploads\\\/Swissplus_Logo_4b_positiv_1.jpg\",\"width\":1181,\"height\":415,\"caption\":\"Swissplus\"},\"image\":{\"@id\":\"https:\\\/\\\/swissplus.net\\\/#\\\/schema\\\/logo\\\/image\\\/\"},\"sameAs\":[\"https:\\\/\\\/www.facebook.com\\\/SwissPlusAG\\\/\",\"https:\\\/\\\/www.instagram.com\\\/swiss_plus\\\/\"]}]}<\/script>\n<!-- \/ Yoast SEO plugin. -->","yoast_head_json":{"title":"Portrait - canap\u00e9s de haute qualit\u00e9 - Swissplus","description":"Portrait - swissplus s'est sp\u00e9cialis\u00e9 dans la conception de canap\u00e9s convertibles. Qualit\u00e9 suisse et un haut degr\u00e9 de confort et de commodit\u00e9.","robots":{"index":"index","follow":"follow","max-snippet":"max-snippet:-1","max-image-preview":"max-image-preview:large","max-video-preview":"max-video-preview:-1"},"canonical":"https:\/\/swissplus.net\/fr\/portrait\/","og_locale":"fr_FR","og_type":"article","og_title":"Portrait - canap\u00e9s de haute qualit\u00e9 - Swissplus","og_description":"Portrait - swissplus s'est sp\u00e9cialis\u00e9 dans la conception de canap\u00e9s convertibles. Qualit\u00e9 suisse et un haut degr\u00e9 de confort et de commodit\u00e9.","og_url":"https:\/\/swissplus.net\/fr\/portrait\/","og_site_name":"Swissplus","article_publisher":"https:\/\/www.facebook.com\/SwissPlusAG\/","article_modified_time":"2022-09-13T09:24:00+00:00","twitter_card":"summary_large_image","twitter_misc":{"Dur\u00e9e de lecture estim\u00e9e":"2 minutes"},"schema":{"@context":"https:\/\/schema.org","@graph":[{"@type":"WebPage","@id":"https:\/\/swissplus.net\/fr\/portrait\/","url":"https:\/\/swissplus.net\/fr\/portrait\/","name":"Portrait - canap\u00e9s de haute qualit\u00e9 - Swissplus","isPartOf":{"@id":"https:\/\/swissplus.net\/#website"},"datePublished":"2017-10-04T12:13:10+00:00","dateModified":"2022-09-13T09:24:00+00:00","description":"Portrait - swissplus s'est sp\u00e9cialis\u00e9 dans la conception de canap\u00e9s convertibles. Qualit\u00e9 suisse et un haut degr\u00e9 de confort et de commodit\u00e9.","breadcrumb":{"@id":"https:\/\/swissplus.net\/fr\/portrait\/#breadcrumb"},"inLanguage":"fr-FR","potentialAction":[{"@type":"ReadAction","target":["https:\/\/swissplus.net\/fr\/portrait\/"]}]},{"@type":"BreadcrumbList","@id":"https:\/\/swissplus.net\/fr\/portrait\/#breadcrumb","itemListElement":[{"@type":"ListItem","position":1,"name":"Swissplus","item":"https:\/\/swissplus.net\/fr\/"},{"@type":"ListItem","position":2,"name":"Portrait"}]},{"@type":"WebSite","@id":"https:\/\/swissplus.net\/#website","url":"https:\/\/swissplus.net\/","name":"Swissplus","description":"Swissplus","publisher":{"@id":"https:\/\/swissplus.net\/#organization"},"potentialAction":[{"@type":"SearchAction","target":{"@type":"EntryPoint","urlTemplate":"https:\/\/swissplus.net\/?s={search_term_string}"},"query-input":{"@type":"PropertyValueSpecification","valueRequired":true,"valueName":"search_term_string"}}],"inLanguage":"fr-FR"},{"@type":"Organization","@id":"https:\/\/swissplus.net\/#organization","name":"Swissplus","url":"https:\/\/swissplus.net\/","logo":{"@type":"ImageObject","inLanguage":"fr-FR","@id":"https:\/\/swissplus.net\/#\/schema\/logo\/image\/","url":"https:\/\/swissplus.net\/wp-content\/uploads\/Swissplus_Logo_4b_positiv_1.jpg","contentUrl":"https:\/\/swissplus.net\/wp-content\/uploads\/Swissplus_Logo_4b_positiv_1.jpg","width":1181,"height":415,"caption":"Swissplus"},"image":{"@id":"https:\/\/swissplus.net\/#\/schema\/logo\/image\/"},"sameAs":["https:\/\/www.facebook.com\/SwissPlusAG\/","https:\/\/www.instagram.com\/swiss_plus\/"]}]}},"_links":{"self":[{"href":"https:\/\/swissplus.net\/fr\/wp-json\/wp\/v2\/pages\/410","targetHints":{"allow":["GET"]}}],"collection":[{"href":"https:\/\/swissplus.net\/fr\/wp-json\/wp\/v2\/pages"}],"about":[{"href":"https:\/\/swissplus.net\/fr\/wp-json\/wp\/v2\/types\/page"}],"author":[{"embeddable":true,"href":"https:\/\/swissplus.net\/fr\/wp-json\/wp\/v2\/users\/2"}],"replies":[{"embeddable":true,"href":"https:\/\/swissplus.net\/fr\/wp-json\/wp\/v2\/comments?post=410"}],"version-history":[{"count":9,"href":"https:\/\/swissplus.net\/fr\/wp-json\/wp\/v2\/pages\/410\/revisions"}],"predecessor-version":[{"id":4741,"href":"https:\/\/swissplus.net\/fr\/wp-json\/wp\/v2\/pages\/410\/revisions\/4741"}],"wp:attachment":[{"href":"https:\/\/swissplus.net\/fr\/wp-json\/wp\/v2\/media?parent=410"}],"curies":[{"name":"wp","href":"https:\/\/api.w.org\/{rel}","templated":true}]}}