{"id":426,"date":"2017-10-04T11:42:39","date_gmt":"2017-10-04T09:42:39","guid":{"rendered":"https:\/\/swissplus.kunden.loewenstark.de\/katalog\/"},"modified":"2026-01-13T14:34:42","modified_gmt":"2026-01-13T13:34:42","slug":"catalogue","status":"publish","type":"page","link":"https:\/\/swissplus.net\/fr\/catalogue\/","title":{"rendered":"Catalogue"},"content":{"rendered":"<div class=\"wpb-content-wrapper\"><p>[vc_row][vc_column width=\u00a0\u00bb1\/6&Prime;][\/vc_column][vc_column width=\u00a0\u00bb2\/3&Prime;][vc_column_text]<\/p>\n<h1 class=\"csc-firstHeader\"><span id=\"result_box\" class=\"short_text\" lang=\"fr\"><span class=\"\">Catalogues et documents<\/span><\/span><\/h1>\n<p>[\/vc_column_text][vc_column_text css=\u00a0\u00bb\u00a0\u00bb]<\/p>\n<div class=\"normal\">\n<div class=\"normal\">\n<h2 class=\"normal\">SWISS PLUS nouvelle brochure<\/h2>\n<ul class=\"download\">\n<li><a href=\"https:\/\/swissplus.net\/wp-content\/uploads\/260101_BEDforLIVING_Wohnwelten_Swiss-Plus-AG_Deutsch.pdf\" target=\"_blank\" rel=\"noopener\">SWISS PLUS canap\u00e9-lits dans le salon en Allemand<\/a><\/li>\n<li><a href=\"https:\/\/swissplus.net\/wp-content\/uploads\/260101_BEDforLIVING_Wohnwelten_Swiss-Plus-AG_Franzoesisch.pdf\" target=\"_blank\" rel=\"noopener\">SWISS PLUS canap\u00e9-lits dans le salon en Fran\u00e7aise<\/a><\/li>\n<li><a href=\"https:\/\/swissplus.net\/wp-content\/uploads\/260101_BEDforLIVING_Wohnwelten_Swiss-Plus-AG_english.pdf\" target=\"_blank\" rel=\"noopener\">SWISS PLUS canap\u00e9-lits dans le salon en Anglais<\/a><\/li>\n<\/ul>\n<\/div>\n<\/div>\n<h2 class=\"normal\">Instructions BED for LIVING<\/h2>\n<ul class=\"download\">\n<li><a href=\"https:\/\/swissplus.net\/wp-content\/uploads\/Swiss_Plus_BED-for-LIVING_Montageanleitung.pdf\" target=\"_blank\" rel=\"noopener\">Instructions de montage BED for LIVING<\/a><\/li>\n<li><a href=\"https:\/\/swissplus.net\/wp-content\/uploads\/Swiss_Plus_BED-for-LIVING_Bedienungsanleitung.pdf\" target=\"_blank\" rel=\"noopener\">Mode d&#8217;emploi BED for LIVING<\/a><\/li>\n<\/ul>\n<h3 class=\"normal\">Informations techniques \/ Dimensions<\/h3>\n<ul class=\"download\">\n<li><a title=\"Tailles \/ Dimensions\" href=\"\/wp-content\/uploads\/Swiss_Plus_BED-for-LIVING_Produktmasse.pdf\" target=\"_blank\" rel=\"noopener noreferrer\">Tailles \/ Dimensions<\/a><\/li>\n<\/ul>\n<h4 class=\"normal\">SWISS PLUS &#8211; fabric collection<\/h4>\n<ul class=\"download\">\n<li><a title=\"Collection de tissus avec sp\u00e9cifications\" href=\"http:\/\/www.swissplus.net\/wp-content\/uploads\/2022_03_Swiss_Plus_Stoff-_und_Lederkollektion.pdf\" target=\"_blank\" rel=\"noopener noreferrer\">Collection de tissus avec sp\u00e9cifications<\/a><\/li>\n<li><a href=\"https:\/\/swissplus.net\/wp-content\/uploads\/Produit-en-cuir.pdf\" target=\"_blank\" rel=\"noopener noreferrer\">Sp\u00e9cifications du produit en tissu et en cuir<\/a><\/li>\n<li><a href=\"https:\/\/swissplus.net\/wp-content\/uploads\/Stoffhinweise_Bezugscharakteristiken_Swiss-Plus-AG.pdf\" target=\"_blank\" rel=\"noopener\">Informations importantes sur les tissus et le cuir<\/a><\/li>\n<\/ul>\n<h4 class=\"normal\">SWISS PLUS &#8211; Garantie et r\u00e9vision<\/h4>\n<ul class=\"download\">\n<li><a href=\"https:\/\/swissplus.net\/wp-content\/uploads\/Conditions-de-garantie-et-service-de-r\u00e9vision-generale.pdf\" target=\"_blank\" rel=\"noopener noreferrer\">Garantie et r\u00e9vision<\/a><\/li>\n<\/ul>\n<p>[\/vc_column_text][\/vc_column][vc_column width=\u00a0\u00bb1\/6&Prime;][\/vc_column][\/vc_row]<\/p>\n<\/div>","protected":false},"excerpt":{"rendered":"[vc_row][vc_column width=\u00a0\u00bb1\/6&Prime;][\/vc_column][vc_column width=\u00a0\u00bb2\/3&Prime;][vc_column_text] Catalogues et documents [\/vc_column_text][vc_column_text css=\u00a0\u00bb\u00a0\u00bb] SWISS PLUS nouvelle brochure SWISS PLUS canap\u00e9-lits dans le salon en Allemand SWISS PLUS canap\u00e9-lits dans le salon en Fran\u00e7aise SWISS PLUS canap\u00e9-lits dans le salon en Anglais Instructions BED for LIVING Instructions de montage BED for LIVING Mode d&#8217;emploi BED for LIVING Informations techniques \/ Dimensions&#8230; <a class=\"view-article\" href=\"https:\/\/swissplus.net\/fr\/catalogue\/\">Voir l&rsquo;article<\/a>","protected":false},"author":2,"featured_media":0,"parent":0,"menu_order":0,"comment_status":"closed","ping_status":"closed","template":"","meta":{"_acf_changed":false,"footnotes":""},"class_list":["post-426","page","type-page","status-publish","hentry"],"acf":[],"yoast_head":"<!-- This site is optimized with the Yoast SEO plugin v27.4 - https:\/\/yoast.com\/product\/yoast-seo-wordpress\/ -->\n<title>Catalogue - canap\u00e9s de haute qualit\u00e9 - Swissplus<\/title>\n<meta name=\"description\" content=\"Catalogue - swissplus s&#039;est sp\u00e9cialis\u00e9 dans la conception de canap\u00e9s convertibles. Qualit\u00e9 suisse et un haut degr\u00e9 de confort et de commodit\u00e9.\" \/>\n<meta name=\"robots\" content=\"index, follow, max-snippet:-1, max-image-preview:large, max-video-preview:-1\" \/>\n<link rel=\"canonical\" href=\"https:\/\/swissplus.net\/fr\/catalogue\/\" \/>\n<meta property=\"og:locale\" content=\"fr_FR\" \/>\n<meta property=\"og:type\" content=\"article\" \/>\n<meta property=\"og:title\" content=\"Catalogue - canap\u00e9s de haute qualit\u00e9 - Swissplus\" \/>\n<meta property=\"og:description\" content=\"Catalogue - swissplus s&#039;est sp\u00e9cialis\u00e9 dans la conception de canap\u00e9s convertibles. Qualit\u00e9 suisse et un haut degr\u00e9 de confort et de commodit\u00e9.\" \/>\n<meta property=\"og:url\" content=\"https:\/\/swissplus.net\/fr\/catalogue\/\" \/>\n<meta property=\"og:site_name\" content=\"Swissplus\" \/>\n<meta property=\"article:publisher\" content=\"https:\/\/www.facebook.com\/SwissPlusAG\/\" \/>\n<meta property=\"article:modified_time\" content=\"2026-01-13T13:34:42+00:00\" \/>\n<meta name=\"twitter:card\" content=\"summary_large_image\" \/>\n<meta name=\"twitter:label1\" content=\"Dur\u00e9e de lecture estim\u00e9e\" \/>\n\t<meta name=\"twitter:data1\" content=\"1 minute\" \/>\n<script type=\"application\/ld+json\" class=\"yoast-schema-graph\">{\"@context\":\"https:\\\/\\\/schema.org\",\"@graph\":[{\"@type\":\"WebPage\",\"@id\":\"https:\\\/\\\/swissplus.net\\\/fr\\\/catalogue\\\/\",\"url\":\"https:\\\/\\\/swissplus.net\\\/fr\\\/catalogue\\\/\",\"name\":\"Catalogue - canap\u00e9s de haute qualit\u00e9 - Swissplus\",\"isPartOf\":{\"@id\":\"https:\\\/\\\/swissplus.net\\\/#website\"},\"datePublished\":\"2017-10-04T09:42:39+00:00\",\"dateModified\":\"2026-01-13T13:34:42+00:00\",\"description\":\"Catalogue - swissplus s'est sp\u00e9cialis\u00e9 dans la conception de canap\u00e9s convertibles. Qualit\u00e9 suisse et un haut degr\u00e9 de confort et de commodit\u00e9.\",\"breadcrumb\":{\"@id\":\"https:\\\/\\\/swissplus.net\\\/fr\\\/catalogue\\\/#breadcrumb\"},\"inLanguage\":\"fr-FR\",\"potentialAction\":[{\"@type\":\"ReadAction\",\"target\":[\"https:\\\/\\\/swissplus.net\\\/fr\\\/catalogue\\\/\"]}]},{\"@type\":\"BreadcrumbList\",\"@id\":\"https:\\\/\\\/swissplus.net\\\/fr\\\/catalogue\\\/#breadcrumb\",\"itemListElement\":[{\"@type\":\"ListItem\",\"position\":1,\"name\":\"Swissplus\",\"item\":\"https:\\\/\\\/swissplus.net\\\/fr\\\/\"},{\"@type\":\"ListItem\",\"position\":2,\"name\":\"Catalogue\"}]},{\"@type\":\"WebSite\",\"@id\":\"https:\\\/\\\/swissplus.net\\\/#website\",\"url\":\"https:\\\/\\\/swissplus.net\\\/\",\"name\":\"Swissplus\",\"description\":\"Swissplus\",\"publisher\":{\"@id\":\"https:\\\/\\\/swissplus.net\\\/#organization\"},\"potentialAction\":[{\"@type\":\"SearchAction\",\"target\":{\"@type\":\"EntryPoint\",\"urlTemplate\":\"https:\\\/\\\/swissplus.net\\\/?s={search_term_string}\"},\"query-input\":{\"@type\":\"PropertyValueSpecification\",\"valueRequired\":true,\"valueName\":\"search_term_string\"}}],\"inLanguage\":\"fr-FR\"},{\"@type\":\"Organization\",\"@id\":\"https:\\\/\\\/swissplus.net\\\/#organization\",\"name\":\"Swissplus\",\"url\":\"https:\\\/\\\/swissplus.net\\\/\",\"logo\":{\"@type\":\"ImageObject\",\"inLanguage\":\"fr-FR\",\"@id\":\"https:\\\/\\\/swissplus.net\\\/#\\\/schema\\\/logo\\\/image\\\/\",\"url\":\"https:\\\/\\\/swissplus.net\\\/wp-content\\\/uploads\\\/Swissplus_Logo_4b_positiv_1.jpg\",\"contentUrl\":\"https:\\\/\\\/swissplus.net\\\/wp-content\\\/uploads\\\/Swissplus_Logo_4b_positiv_1.jpg\",\"width\":1181,\"height\":415,\"caption\":\"Swissplus\"},\"image\":{\"@id\":\"https:\\\/\\\/swissplus.net\\\/#\\\/schema\\\/logo\\\/image\\\/\"},\"sameAs\":[\"https:\\\/\\\/www.facebook.com\\\/SwissPlusAG\\\/\",\"https:\\\/\\\/www.instagram.com\\\/swiss_plus\\\/\"]}]}<\/script>\n<!-- \/ Yoast SEO plugin. -->","yoast_head_json":{"title":"Catalogue - canap\u00e9s de haute qualit\u00e9 - Swissplus","description":"Catalogue - swissplus s'est sp\u00e9cialis\u00e9 dans la conception de canap\u00e9s convertibles. Qualit\u00e9 suisse et un haut degr\u00e9 de confort et de commodit\u00e9.","robots":{"index":"index","follow":"follow","max-snippet":"max-snippet:-1","max-image-preview":"max-image-preview:large","max-video-preview":"max-video-preview:-1"},"canonical":"https:\/\/swissplus.net\/fr\/catalogue\/","og_locale":"fr_FR","og_type":"article","og_title":"Catalogue - canap\u00e9s de haute qualit\u00e9 - Swissplus","og_description":"Catalogue - swissplus s'est sp\u00e9cialis\u00e9 dans la conception de canap\u00e9s convertibles. Qualit\u00e9 suisse et un haut degr\u00e9 de confort et de commodit\u00e9.","og_url":"https:\/\/swissplus.net\/fr\/catalogue\/","og_site_name":"Swissplus","article_publisher":"https:\/\/www.facebook.com\/SwissPlusAG\/","article_modified_time":"2026-01-13T13:34:42+00:00","twitter_card":"summary_large_image","twitter_misc":{"Dur\u00e9e de lecture estim\u00e9e":"1 minute"},"schema":{"@context":"https:\/\/schema.org","@graph":[{"@type":"WebPage","@id":"https:\/\/swissplus.net\/fr\/catalogue\/","url":"https:\/\/swissplus.net\/fr\/catalogue\/","name":"Catalogue - canap\u00e9s de haute qualit\u00e9 - Swissplus","isPartOf":{"@id":"https:\/\/swissplus.net\/#website"},"datePublished":"2017-10-04T09:42:39+00:00","dateModified":"2026-01-13T13:34:42+00:00","description":"Catalogue - swissplus s'est sp\u00e9cialis\u00e9 dans la conception de canap\u00e9s convertibles. Qualit\u00e9 suisse et un haut degr\u00e9 de confort et de commodit\u00e9.","breadcrumb":{"@id":"https:\/\/swissplus.net\/fr\/catalogue\/#breadcrumb"},"inLanguage":"fr-FR","potentialAction":[{"@type":"ReadAction","target":["https:\/\/swissplus.net\/fr\/catalogue\/"]}]},{"@type":"BreadcrumbList","@id":"https:\/\/swissplus.net\/fr\/catalogue\/#breadcrumb","itemListElement":[{"@type":"ListItem","position":1,"name":"Swissplus","item":"https:\/\/swissplus.net\/fr\/"},{"@type":"ListItem","position":2,"name":"Catalogue"}]},{"@type":"WebSite","@id":"https:\/\/swissplus.net\/#website","url":"https:\/\/swissplus.net\/","name":"Swissplus","description":"Swissplus","publisher":{"@id":"https:\/\/swissplus.net\/#organization"},"potentialAction":[{"@type":"SearchAction","target":{"@type":"EntryPoint","urlTemplate":"https:\/\/swissplus.net\/?s={search_term_string}"},"query-input":{"@type":"PropertyValueSpecification","valueRequired":true,"valueName":"search_term_string"}}],"inLanguage":"fr-FR"},{"@type":"Organization","@id":"https:\/\/swissplus.net\/#organization","name":"Swissplus","url":"https:\/\/swissplus.net\/","logo":{"@type":"ImageObject","inLanguage":"fr-FR","@id":"https:\/\/swissplus.net\/#\/schema\/logo\/image\/","url":"https:\/\/swissplus.net\/wp-content\/uploads\/Swissplus_Logo_4b_positiv_1.jpg","contentUrl":"https:\/\/swissplus.net\/wp-content\/uploads\/Swissplus_Logo_4b_positiv_1.jpg","width":1181,"height":415,"caption":"Swissplus"},"image":{"@id":"https:\/\/swissplus.net\/#\/schema\/logo\/image\/"},"sameAs":["https:\/\/www.facebook.com\/SwissPlusAG\/","https:\/\/www.instagram.com\/swiss_plus\/"]}]}},"_links":{"self":[{"href":"https:\/\/swissplus.net\/fr\/wp-json\/wp\/v2\/pages\/426","targetHints":{"allow":["GET"]}}],"collection":[{"href":"https:\/\/swissplus.net\/fr\/wp-json\/wp\/v2\/pages"}],"about":[{"href":"https:\/\/swissplus.net\/fr\/wp-json\/wp\/v2\/types\/page"}],"author":[{"embeddable":true,"href":"https:\/\/swissplus.net\/fr\/wp-json\/wp\/v2\/users\/2"}],"replies":[{"embeddable":true,"href":"https:\/\/swissplus.net\/fr\/wp-json\/wp\/v2\/comments?post=426"}],"version-history":[{"count":20,"href":"https:\/\/swissplus.net\/fr\/wp-json\/wp\/v2\/pages\/426\/revisions"}],"predecessor-version":[{"id":6133,"href":"https:\/\/swissplus.net\/fr\/wp-json\/wp\/v2\/pages\/426\/revisions\/6133"}],"wp:attachment":[{"href":"https:\/\/swissplus.net\/fr\/wp-json\/wp\/v2\/media?parent=426"}],"curies":[{"name":"wp","href":"https:\/\/api.w.org\/{rel}","templated":true}]}}