{"id":435,"date":"2017-10-04T13:50:18","date_gmt":"2017-10-04T11:50:18","guid":{"rendered":"https:\/\/swissplus.kunden.loewenstark.de\/impressum\/"},"modified":"2018-06-09T23:56:41","modified_gmt":"2018-06-09T21:56:41","slug":"empreinte","status":"publish","type":"page","link":"https:\/\/swissplus.net\/fr\/empreinte\/","title":{"rendered":"Empreinte"},"content":{"rendered":"<div class=\"wpb-content-wrapper\"><p>[vc_row][vc_column width=\u00a0\u00bb1\/6&Prime;][\/vc_column][vc_column width=\u00a0\u00bb2\/3&Prime;][vc_column_text]<\/p>\n<h1><span id=\"result_box\" class=\"short_text\" lang=\"fr\"><span class=\"\">Empreinte<\/span><\/span><\/h1>\n<p>Swiss Plus AG<br \/>\nFridlimattstrasse 4<br \/>\nCH-8122 Binz\/ZH<\/p>\n<h2 class=\"h3 text-left\"><strong>Showroom<\/strong><\/h2>\n<p>SWISS PLUS<br \/>\nWerdstrasse 2 am Stauffacher (vis \u00e0 vis Helvti-Bar)<br \/>\n8004 Z\u00fcrich<\/p>\n<p>Telefon: +41 43 243 89 10<br \/>\nE-Mail:\u00a0<a>auftrag@swissplus.net<\/a>[\/vc_column_text][\/vc_column][vc_column width=\u00a0\u00bb1\/6&Prime;][\/vc_column][\/vc_row]<\/p>\n<\/div>","protected":false},"excerpt":{"rendered":"[vc_row][vc_column width=\u00a0\u00bb1\/6&Prime;][\/vc_column][vc_column width=\u00a0\u00bb2\/3&Prime;][vc_column_text] Empreinte Swiss Plus AG Fridlimattstrasse 4 CH-8122 Binz\/ZH Showroom SWISS PLUS Werdstrasse 2 am Stauffacher (vis \u00e0 vis Helvti-Bar) 8004 Z\u00fcrich Telefon: +41 43 243 89 10 E-Mail:\u00a0auftrag@swissplus.net[\/vc_column_text][\/vc_column][vc_column width=\u00a0\u00bb1\/6&Prime;][\/vc_column][\/vc_row]","protected":false},"author":2,"featured_media":0,"parent":0,"menu_order":0,"comment_status":"closed","ping_status":"closed","template":"","meta":{"_acf_changed":false,"footnotes":""},"class_list":["post-435","page","type-page","status-publish","hentry"],"acf":[],"yoast_head":"<!-- This site is optimized with the Yoast SEO plugin v27.4 - https:\/\/yoast.com\/product\/yoast-seo-wordpress\/ -->\n<title>Empreinte - canap\u00e9s de haute qualit\u00e9 - Swissplus<\/title>\n<meta name=\"description\" content=\"Empreinte - swissplus s&#039;est sp\u00e9cialis\u00e9 dans la conception de canap\u00e9s convertibles. Qualit\u00e9 suisse et un haut degr\u00e9 de confort et de commodit\u00e9.\" \/>\n<meta name=\"robots\" content=\"index, follow, max-snippet:-1, max-image-preview:large, max-video-preview:-1\" \/>\n<link rel=\"canonical\" href=\"https:\/\/swissplus.net\/fr\/empreinte\/\" \/>\n<meta property=\"og:locale\" content=\"fr_FR\" \/>\n<meta property=\"og:type\" content=\"article\" \/>\n<meta property=\"og:title\" content=\"Empreinte - canap\u00e9s de haute qualit\u00e9 - Swissplus\" \/>\n<meta property=\"og:description\" content=\"Empreinte - swissplus s&#039;est sp\u00e9cialis\u00e9 dans la conception de canap\u00e9s convertibles. Qualit\u00e9 suisse et un haut degr\u00e9 de confort et de commodit\u00e9.\" \/>\n<meta property=\"og:url\" content=\"https:\/\/swissplus.net\/fr\/empreinte\/\" \/>\n<meta property=\"og:site_name\" content=\"Swissplus\" \/>\n<meta property=\"article:publisher\" content=\"https:\/\/www.facebook.com\/SwissPlusAG\/\" \/>\n<meta property=\"article:modified_time\" content=\"2018-06-09T21:56:41+00:00\" \/>\n<meta name=\"twitter:card\" content=\"summary_large_image\" \/>\n<script type=\"application\/ld+json\" class=\"yoast-schema-graph\">{\"@context\":\"https:\\\/\\\/schema.org\",\"@graph\":[{\"@type\":\"WebPage\",\"@id\":\"https:\\\/\\\/swissplus.net\\\/fr\\\/empreinte\\\/\",\"url\":\"https:\\\/\\\/swissplus.net\\\/fr\\\/empreinte\\\/\",\"name\":\"Empreinte - canap\u00e9s de haute qualit\u00e9 - Swissplus\",\"isPartOf\":{\"@id\":\"https:\\\/\\\/swissplus.net\\\/#website\"},\"datePublished\":\"2017-10-04T11:50:18+00:00\",\"dateModified\":\"2018-06-09T21:56:41+00:00\",\"description\":\"Empreinte - swissplus s'est sp\u00e9cialis\u00e9 dans la conception de canap\u00e9s convertibles. Qualit\u00e9 suisse et un haut degr\u00e9 de confort et de commodit\u00e9.\",\"breadcrumb\":{\"@id\":\"https:\\\/\\\/swissplus.net\\\/fr\\\/empreinte\\\/#breadcrumb\"},\"inLanguage\":\"fr-FR\",\"potentialAction\":[{\"@type\":\"ReadAction\",\"target\":[\"https:\\\/\\\/swissplus.net\\\/fr\\\/empreinte\\\/\"]}]},{\"@type\":\"BreadcrumbList\",\"@id\":\"https:\\\/\\\/swissplus.net\\\/fr\\\/empreinte\\\/#breadcrumb\",\"itemListElement\":[{\"@type\":\"ListItem\",\"position\":1,\"name\":\"Swissplus\",\"item\":\"https:\\\/\\\/swissplus.net\\\/fr\\\/\"},{\"@type\":\"ListItem\",\"position\":2,\"name\":\"Empreinte\"}]},{\"@type\":\"WebSite\",\"@id\":\"https:\\\/\\\/swissplus.net\\\/#website\",\"url\":\"https:\\\/\\\/swissplus.net\\\/\",\"name\":\"Swissplus\",\"description\":\"Swissplus\",\"publisher\":{\"@id\":\"https:\\\/\\\/swissplus.net\\\/#organization\"},\"potentialAction\":[{\"@type\":\"SearchAction\",\"target\":{\"@type\":\"EntryPoint\",\"urlTemplate\":\"https:\\\/\\\/swissplus.net\\\/?s={search_term_string}\"},\"query-input\":{\"@type\":\"PropertyValueSpecification\",\"valueRequired\":true,\"valueName\":\"search_term_string\"}}],\"inLanguage\":\"fr-FR\"},{\"@type\":\"Organization\",\"@id\":\"https:\\\/\\\/swissplus.net\\\/#organization\",\"name\":\"Swissplus\",\"url\":\"https:\\\/\\\/swissplus.net\\\/\",\"logo\":{\"@type\":\"ImageObject\",\"inLanguage\":\"fr-FR\",\"@id\":\"https:\\\/\\\/swissplus.net\\\/#\\\/schema\\\/logo\\\/image\\\/\",\"url\":\"https:\\\/\\\/swissplus.net\\\/wp-content\\\/uploads\\\/Swissplus_Logo_4b_positiv_1.jpg\",\"contentUrl\":\"https:\\\/\\\/swissplus.net\\\/wp-content\\\/uploads\\\/Swissplus_Logo_4b_positiv_1.jpg\",\"width\":1181,\"height\":415,\"caption\":\"Swissplus\"},\"image\":{\"@id\":\"https:\\\/\\\/swissplus.net\\\/#\\\/schema\\\/logo\\\/image\\\/\"},\"sameAs\":[\"https:\\\/\\\/www.facebook.com\\\/SwissPlusAG\\\/\",\"https:\\\/\\\/www.instagram.com\\\/swiss_plus\\\/\"]}]}<\/script>\n<!-- \/ Yoast SEO plugin. -->","yoast_head_json":{"title":"Empreinte - canap\u00e9s de haute qualit\u00e9 - Swissplus","description":"Empreinte - swissplus s'est sp\u00e9cialis\u00e9 dans la conception de canap\u00e9s convertibles. Qualit\u00e9 suisse et un haut degr\u00e9 de confort et de commodit\u00e9.","robots":{"index":"index","follow":"follow","max-snippet":"max-snippet:-1","max-image-preview":"max-image-preview:large","max-video-preview":"max-video-preview:-1"},"canonical":"https:\/\/swissplus.net\/fr\/empreinte\/","og_locale":"fr_FR","og_type":"article","og_title":"Empreinte - canap\u00e9s de haute qualit\u00e9 - Swissplus","og_description":"Empreinte - swissplus s'est sp\u00e9cialis\u00e9 dans la conception de canap\u00e9s convertibles. Qualit\u00e9 suisse et un haut degr\u00e9 de confort et de commodit\u00e9.","og_url":"https:\/\/swissplus.net\/fr\/empreinte\/","og_site_name":"Swissplus","article_publisher":"https:\/\/www.facebook.com\/SwissPlusAG\/","article_modified_time":"2018-06-09T21:56:41+00:00","twitter_card":"summary_large_image","schema":{"@context":"https:\/\/schema.org","@graph":[{"@type":"WebPage","@id":"https:\/\/swissplus.net\/fr\/empreinte\/","url":"https:\/\/swissplus.net\/fr\/empreinte\/","name":"Empreinte - canap\u00e9s de haute qualit\u00e9 - Swissplus","isPartOf":{"@id":"https:\/\/swissplus.net\/#website"},"datePublished":"2017-10-04T11:50:18+00:00","dateModified":"2018-06-09T21:56:41+00:00","description":"Empreinte - swissplus s'est sp\u00e9cialis\u00e9 dans la conception de canap\u00e9s convertibles. Qualit\u00e9 suisse et un haut degr\u00e9 de confort et de commodit\u00e9.","breadcrumb":{"@id":"https:\/\/swissplus.net\/fr\/empreinte\/#breadcrumb"},"inLanguage":"fr-FR","potentialAction":[{"@type":"ReadAction","target":["https:\/\/swissplus.net\/fr\/empreinte\/"]}]},{"@type":"BreadcrumbList","@id":"https:\/\/swissplus.net\/fr\/empreinte\/#breadcrumb","itemListElement":[{"@type":"ListItem","position":1,"name":"Swissplus","item":"https:\/\/swissplus.net\/fr\/"},{"@type":"ListItem","position":2,"name":"Empreinte"}]},{"@type":"WebSite","@id":"https:\/\/swissplus.net\/#website","url":"https:\/\/swissplus.net\/","name":"Swissplus","description":"Swissplus","publisher":{"@id":"https:\/\/swissplus.net\/#organization"},"potentialAction":[{"@type":"SearchAction","target":{"@type":"EntryPoint","urlTemplate":"https:\/\/swissplus.net\/?s={search_term_string}"},"query-input":{"@type":"PropertyValueSpecification","valueRequired":true,"valueName":"search_term_string"}}],"inLanguage":"fr-FR"},{"@type":"Organization","@id":"https:\/\/swissplus.net\/#organization","name":"Swissplus","url":"https:\/\/swissplus.net\/","logo":{"@type":"ImageObject","inLanguage":"fr-FR","@id":"https:\/\/swissplus.net\/#\/schema\/logo\/image\/","url":"https:\/\/swissplus.net\/wp-content\/uploads\/Swissplus_Logo_4b_positiv_1.jpg","contentUrl":"https:\/\/swissplus.net\/wp-content\/uploads\/Swissplus_Logo_4b_positiv_1.jpg","width":1181,"height":415,"caption":"Swissplus"},"image":{"@id":"https:\/\/swissplus.net\/#\/schema\/logo\/image\/"},"sameAs":["https:\/\/www.facebook.com\/SwissPlusAG\/","https:\/\/www.instagram.com\/swiss_plus\/"]}]}},"_links":{"self":[{"href":"https:\/\/swissplus.net\/fr\/wp-json\/wp\/v2\/pages\/435","targetHints":{"allow":["GET"]}}],"collection":[{"href":"https:\/\/swissplus.net\/fr\/wp-json\/wp\/v2\/pages"}],"about":[{"href":"https:\/\/swissplus.net\/fr\/wp-json\/wp\/v2\/types\/page"}],"author":[{"embeddable":true,"href":"https:\/\/swissplus.net\/fr\/wp-json\/wp\/v2\/users\/2"}],"replies":[{"embeddable":true,"href":"https:\/\/swissplus.net\/fr\/wp-json\/wp\/v2\/comments?post=435"}],"version-history":[{"count":5,"href":"https:\/\/swissplus.net\/fr\/wp-json\/wp\/v2\/pages\/435\/revisions"}],"predecessor-version":[{"id":990,"href":"https:\/\/swissplus.net\/fr\/wp-json\/wp\/v2\/pages\/435\/revisions\/990"}],"wp:attachment":[{"href":"https:\/\/swissplus.net\/fr\/wp-json\/wp\/v2\/media?parent=435"}],"curies":[{"name":"wp","href":"https:\/\/api.w.org\/{rel}","templated":true}]}}