{"id":450,"date":"2017-10-04T11:59:36","date_gmt":"2017-10-04T09:59:36","guid":{"rendered":"https:\/\/swissplus.kunden.loewenstark.de\/presse\/"},"modified":"2024-01-12T21:38:16","modified_gmt":"2024-01-12T20:38:16","slug":"presse","status":"publish","type":"page","link":"https:\/\/swissplus.net\/fr\/presse\/","title":{"rendered":"Presse"},"content":{"rendered":"<div class=\"wpb-content-wrapper\"><p>[vc_row][vc_column width=\u00a0\u00bb1\/6&Prime;][\/vc_column][vc_column width=\u00a0\u00bb2\/3&Prime;][vc_column_text]<\/p>\n<div id=\"c176\" class=\"csc-default\">\n<h1 class=\"csc-firstHeader\">Presse<\/h1>\n<p><strong>2024<\/strong><\/p>\n<ul class=\"download\">\n<li><a href=\"https:\/\/swissplus.net\/wp-content\/uploads\/4_Presseerklaerung_Koeln_2024.pdf\" target=\"_blank\" rel=\"noopener\">Swiss Plus AG Pressemitteilung K\u00f6ln 2024<\/a><\/li>\n<\/ul>\n<p><strong>2020<\/strong><\/p>\n<ul class=\"download\">\n<li><a href=\"https:\/\/swissplus.net\/wp-content\/uploads\/Presseerkl\u00e4rung-K\u00f6ln-2020-JK.pdf\" target=\"_blank\" rel=\"noopener noreferrer\">Swiss Plus AG Pressemitteilung K\u00f6ln 2020<\/a><\/li>\n<\/ul>\n<p><strong>2019<\/strong><\/p>\n<ul class=\"download\">\n<li><a href=\"https:\/\/www.swissplus.net\/wp-content\/uploads\/Presseerklaerung_Koeln_2019.pdf\" target=\"_blank\" rel=\"noopener noreferrer\">Swiss Plus AG Pressemitteilung K\u00f6ln 2019<\/a><\/li>\n<\/ul>\n<p><strong>2018<\/strong><\/p>\n<ul class=\"download\">\n<li><a title=\"Swiss Plus AG Pressemitteilung K\u00f6ln 2018\" href=\"http:\/\/www.swissplus.net\/uploads\/media\/Presseerklaerung_Koeln_2018.pdf\" target=\"_blank\" rel=\"noopener noreferrer\">Swiss Plus AG Pressemitteilung K\u00f6ln 2018<\/a><\/li>\n<\/ul>\n<p><strong>2016<\/strong><\/p>\n<ul class=\"download\">\n<li><a title=\"Swiss Plus AG Pressemitteilung Wien 2016\" href=\"http:\/\/www.swissplus.net\/uploads\/media\/Presse-Mitteilung_Wien_16.pdf\" target=\"_blank\" rel=\"noopener noreferrer\">Swiss Plus AG Pressemitteilung Wien 2016<\/a><\/li>\n<li><a title=\"Swiss Plus AG Pressemitteilung K\u00f6ln 2016\" href=\"http:\/\/www.swissplus.net\/uploads\/media\/Presseerklaerung_Koeln_2016.pdf\" target=\"_blank\" rel=\"noopener noreferrer\">Swiss Plus AG Pressemitteilung K\u00f6ln 2016<\/a><\/li>\n<\/ul>\n<p><strong>2015<\/strong><\/p>\n<ul class=\"download\">\n<li><a title=\"Swiss Plus AG Pressemitteilung K\u00f6ln 2015 DE\" href=\"http:\/\/www.swissplus.net\/uploads\/media\/2015-presse-koeln-de.pdf\" target=\"_blank\" rel=\"noopener noreferrer\">Swiss Plus AG Pressemitteilung K\u00f6ln 2015 DE<\/a><\/li>\n<\/ul>\n<p><strong>2014<\/strong><\/p>\n<ul class=\"download\">\n<li><a title=\"Swiss Plus AG Pressemitteilung K\u00f6ln 2014 DE\" href=\"http:\/\/www.swissplus.net\/uploads\/media\/2014-01-presse-koeln-de.pdf\" target=\"_blank\" rel=\"noopener noreferrer\">Swiss Plus AG Pressemitteilung K\u00f6ln 2014 DE<\/a><\/li>\n<li><a title=\"Swiss Plus AG Pressemitteilung K\u00f6ln 2014 EN\" href=\"http:\/\/www.swissplus.net\/uploads\/media\/2014-01-presse-koeln-en.pdf\" target=\"_blank\" rel=\"noopener noreferrer\">Swiss Plus AG Pressemitteilung K\u00f6ln 2014 EN<\/a><\/li>\n<li><a title=\"Swiss Plus AG Pressemitteilung K\u00f6ln 2014 FR\" href=\"http:\/\/www.swissplus.net\/uploads\/media\/2014-01-presse-koeln-fr.pdf\" target=\"_blank\" rel=\"noopener noreferrer\">Swiss Plus AG Pressemitteilung K\u00f6ln 2014 FR<\/a><\/li>\n<\/ul>\n<p><strong>2013<\/strong><\/p>\n<ul class=\"download\">\n<li><a title=\"Swiss Plus AG Pressemitteilung K\u00f6ln 2013\" href=\"http:\/\/www.swissplus.net\/uploads\/media\/2013-01_inm-koeln.pdf\" target=\"_blank\" rel=\"noopener noreferrer\">Swiss Plus AG Pressemitteilung K\u00f6ln 2013<\/a><\/li>\n<\/ul>\n<p><strong>2012<\/strong><\/p>\n<ul class=\"download\">\n<li><a title=\"Bericht Z\u00fcritipp September 2012\" href=\"http:\/\/www.swissplus.net\/uploads\/media\/2012-09_bericht_zueritipp_01.pdf\" target=\"_blank\" rel=\"noopener noreferrer\">Bericht Z\u00fcritipp September 2012<\/a><\/li>\n<li><a title=\"Swiss Plus AG Pressemitteilung K\u00f6ln 2012\" href=\"http:\/\/www.swissplus.net\/uploads\/media\/2012_swiss-plus-pressemitteilung-koeln_01.pdf\" target=\"_blank\" rel=\"noopener noreferrer\">Swiss Plus AG Pressemitteilung K\u00f6ln 2012<\/a><\/li>\n<\/ul>\n<p><strong>2011<\/strong><\/p>\n<ul class=\"download\">\n<li><a title=\"Raum &amp; Wohnen Juli 2011 - Interview J\u00f6rg Keller Inhaber\" href=\"http:\/\/www.swissplus.net\/uploads\/media\/2011-07_raum-wohnen_02.pdf\" target=\"_blank\" rel=\"noopener noreferrer\">Raum &amp; Wohnen Juli 2011 &#8211; Interview J\u00f6rg Keller Inhaber<\/a><\/li>\n<li><a title=\"K-Tipp M\u00e4rz 2011 - Testsieger Swiss Plus, Bed for Living\" href=\"http:\/\/www.swissplus.net\/uploads\/media\/2011-03_k-tipp-testsieger_02.pdf\" target=\"_blank\" rel=\"noopener noreferrer\">K-Tipp M\u00e4rz 2011 &#8211; Testsieger Swiss Plus, Bed for Living<\/a><\/li>\n<\/ul>\n<p><strong>2010<\/strong><\/p>\n<ul class=\"download\">\n<li><a title=\"Attika Juli 2010\" href=\"http:\/\/www.swissplus.net\/uploads\/media\/2010-07_attika_03.pdf\" target=\"_blank\" rel=\"noopener noreferrer\">Attika Juli 2010<\/a><\/li>\n<\/ul>\n<p><strong>2009<\/strong><\/p>\n<ul class=\"download\">\n<li><a title=\"Sauerland Deutschland Dezember 2009 - Interview J\u00f6rg Keller\" href=\"http:\/\/www.swissplus.net\/uploads\/media\/2009-12_sauerland_deutschland_01.pdf\" target=\"_blank\" rel=\"noopener noreferrer\">Sauerland Deutschland Dezember 2009 &#8211; Interview J\u00f6rg Keller<\/a><\/li>\n<li><a title=\"Swiss Plus AG M\u00f6belmesse Paris 2009\" href=\"http:\/\/www.swissplus.net\/uploads\/media\/2009_swiss-plus-moebelmesse-paris_01.pdf\" target=\"_blank\" rel=\"noopener noreferrer\">Swiss Plus AG M\u00f6belmesse Paris 2009<\/a><\/li>\n<\/ul>\n<p><strong>2008<\/strong><\/p>\n<ul class=\"download\">\n<li><a title=\"Swiss Plus AG Paris 2008\" href=\"http:\/\/www.swissplus.net\/uploads\/media\/2008_swissplus-paris_02.pdf\" target=\"_blank\" rel=\"noopener noreferrer\">Swiss Plus AG Paris 2008<\/a><\/li>\n<\/ul>\n<p><strong>2005<\/strong><\/p>\n<ul class=\"download\">\n<li><a title=\"Raum &amp; Wohnen April 2005\" href=\"http:\/\/www.swissplus.net\/uploads\/media\/2005-04_raum-wohnen.pdf\" target=\"_blank\" rel=\"noopener noreferrer\">Raum &amp; Wohnen April 2005<\/a><\/li>\n<li><a title=\"Sch\u00f6ner Wohnen April 2005\" href=\"http:\/\/www.swissplus.net\/uploads\/media\/2005-04_schoener-wohnen.pdf\" target=\"_blank\" rel=\"noopener noreferrer\">Sch\u00f6ner Wohnen April 2005<\/a><\/li>\n<li><a title=\"Bolero April 2005\" href=\"http:\/\/www.swissplus.net\/uploads\/media\/2005-04_bolero.pdf\" target=\"_blank\" rel=\"noopener noreferrer\">Bolero April 2005<\/a><\/li>\n<li><a title=\"Handelszeitung April 2005\" href=\"http:\/\/www.swissplus.net\/uploads\/media\/2005-04_handelszeitung.pdf\" target=\"_blank\" rel=\"noopener noreferrer\">Handelszeitung April 2005<\/a><\/li>\n<li><a title=\"Seeblick Ausgabe 03\/2005\" href=\"http:\/\/www.swissplus.net\/uploads\/media\/2005-03_seeblick.pdf\" target=\"_blank\" rel=\"noopener noreferrer\">Seeblick Ausgabe 03\/2005<\/a><\/li>\n<li><a title=\"Seeblick Ausgabe 02\/2005\" href=\"http:\/\/www.swissplus.net\/uploads\/media\/2005-02_seeblick.pdf\" target=\"_blank\" rel=\"noopener noreferrer\">Seeblick Ausgabe 02\/2005<\/a><\/li>\n<li><a title=\"Z\u00fcri Tipp Januar 2005\" href=\"http:\/\/www.swissplus.net\/uploads\/media\/2005-01_zueritipp.pdf\" target=\"_blank\" rel=\"noopener noreferrer\">Z\u00fcri Tipp Januar 2005<\/a><\/li>\n<\/ul>\n<p><strong>2003<\/strong><\/p>\n<ul class=\"download\">\n<li><a title=\"Tagblatt\" href=\"http:\/\/www.swissplus.net\/uploads\/media\/tagblatt.pdf\" target=\"_blank\" rel=\"noopener noreferrer\">Tagblatt<\/a><\/li>\n<li class=\"description\"><a title=\"Pressreview 2003\" href=\"http:\/\/www.swissplus.net\/uploads\/media\/2003_pressreview.pdf\" target=\"_blank\" rel=\"noopener noreferrer\">Pressreview 2003<\/a><\/li>\n<\/ul>\n<\/div>\n<p>[\/vc_column_text][\/vc_column][vc_column width=\u00a0\u00bb1\/6&Prime;][\/vc_column][\/vc_row]<\/p>\n<\/div>","protected":false},"excerpt":{"rendered":"[vc_row][vc_column width=\u00a0\u00bb1\/6&Prime;][\/vc_column][vc_column width=\u00a0\u00bb2\/3&Prime;][vc_column_text] Presse 2024 Swiss Plus AG Pressemitteilung K\u00f6ln 2024 2020 Swiss Plus AG Pressemitteilung K\u00f6ln 2020 2019 Swiss Plus AG Pressemitteilung K\u00f6ln 2019 2018 Swiss Plus AG Pressemitteilung K\u00f6ln 2018 2016 Swiss Plus AG Pressemitteilung Wien 2016 Swiss Plus AG Pressemitteilung K\u00f6ln 2016 2015 Swiss Plus AG Pressemitteilung K\u00f6ln 2015 DE 2014 Swiss&#8230; <a class=\"view-article\" href=\"https:\/\/swissplus.net\/fr\/presse\/\">Voir l&rsquo;article<\/a>","protected":false},"author":2,"featured_media":0,"parent":0,"menu_order":0,"comment_status":"closed","ping_status":"closed","template":"","meta":{"_acf_changed":false,"footnotes":""},"class_list":["post-450","page","type-page","status-publish","hentry"],"acf":[],"yoast_head":"<!-- This site is optimized with the Yoast SEO plugin v27.4 - https:\/\/yoast.com\/product\/yoast-seo-wordpress\/ -->\n<title>Presse - canap\u00e9s de haute qualit\u00e9 - Swissplus<\/title>\n<meta name=\"description\" content=\"Presse - swissplus s&#039;est sp\u00e9cialis\u00e9 dans la conception de canap\u00e9s convertibles. Qualit\u00e9 suisse et un haut degr\u00e9 de confort et de commodit\u00e9.\" \/>\n<meta name=\"robots\" content=\"index, follow, max-snippet:-1, max-image-preview:large, max-video-preview:-1\" \/>\n<link rel=\"canonical\" href=\"https:\/\/swissplus.net\/fr\/presse\/\" \/>\n<meta property=\"og:locale\" content=\"fr_FR\" \/>\n<meta property=\"og:type\" content=\"article\" \/>\n<meta property=\"og:title\" content=\"Presse - canap\u00e9s de haute qualit\u00e9 - Swissplus\" \/>\n<meta property=\"og:description\" content=\"Presse - swissplus s&#039;est sp\u00e9cialis\u00e9 dans la conception de canap\u00e9s convertibles. Qualit\u00e9 suisse et un haut degr\u00e9 de confort et de commodit\u00e9.\" \/>\n<meta property=\"og:url\" content=\"https:\/\/swissplus.net\/fr\/presse\/\" \/>\n<meta property=\"og:site_name\" content=\"Swissplus\" \/>\n<meta property=\"article:publisher\" content=\"https:\/\/www.facebook.com\/SwissPlusAG\/\" \/>\n<meta property=\"article:modified_time\" content=\"2024-01-12T20:38:16+00:00\" \/>\n<meta name=\"twitter:card\" content=\"summary_large_image\" \/>\n<meta name=\"twitter:label1\" content=\"Dur\u00e9e de lecture estim\u00e9e\" \/>\n\t<meta name=\"twitter:data1\" content=\"1 minute\" \/>\n<script type=\"application\/ld+json\" class=\"yoast-schema-graph\">{\"@context\":\"https:\\\/\\\/schema.org\",\"@graph\":[{\"@type\":\"WebPage\",\"@id\":\"https:\\\/\\\/swissplus.net\\\/fr\\\/presse\\\/\",\"url\":\"https:\\\/\\\/swissplus.net\\\/fr\\\/presse\\\/\",\"name\":\"Presse - canap\u00e9s de haute qualit\u00e9 - Swissplus\",\"isPartOf\":{\"@id\":\"https:\\\/\\\/swissplus.net\\\/#website\"},\"datePublished\":\"2017-10-04T09:59:36+00:00\",\"dateModified\":\"2024-01-12T20:38:16+00:00\",\"description\":\"Presse - swissplus s'est sp\u00e9cialis\u00e9 dans la conception de canap\u00e9s convertibles. Qualit\u00e9 suisse et un haut degr\u00e9 de confort et de commodit\u00e9.\",\"breadcrumb\":{\"@id\":\"https:\\\/\\\/swissplus.net\\\/fr\\\/presse\\\/#breadcrumb\"},\"inLanguage\":\"fr-FR\",\"potentialAction\":[{\"@type\":\"ReadAction\",\"target\":[\"https:\\\/\\\/swissplus.net\\\/fr\\\/presse\\\/\"]}]},{\"@type\":\"BreadcrumbList\",\"@id\":\"https:\\\/\\\/swissplus.net\\\/fr\\\/presse\\\/#breadcrumb\",\"itemListElement\":[{\"@type\":\"ListItem\",\"position\":1,\"name\":\"Swissplus\",\"item\":\"https:\\\/\\\/swissplus.net\\\/fr\\\/\"},{\"@type\":\"ListItem\",\"position\":2,\"name\":\"Presse\"}]},{\"@type\":\"WebSite\",\"@id\":\"https:\\\/\\\/swissplus.net\\\/#website\",\"url\":\"https:\\\/\\\/swissplus.net\\\/\",\"name\":\"Swissplus\",\"description\":\"Swissplus\",\"publisher\":{\"@id\":\"https:\\\/\\\/swissplus.net\\\/#organization\"},\"potentialAction\":[{\"@type\":\"SearchAction\",\"target\":{\"@type\":\"EntryPoint\",\"urlTemplate\":\"https:\\\/\\\/swissplus.net\\\/?s={search_term_string}\"},\"query-input\":{\"@type\":\"PropertyValueSpecification\",\"valueRequired\":true,\"valueName\":\"search_term_string\"}}],\"inLanguage\":\"fr-FR\"},{\"@type\":\"Organization\",\"@id\":\"https:\\\/\\\/swissplus.net\\\/#organization\",\"name\":\"Swissplus\",\"url\":\"https:\\\/\\\/swissplus.net\\\/\",\"logo\":{\"@type\":\"ImageObject\",\"inLanguage\":\"fr-FR\",\"@id\":\"https:\\\/\\\/swissplus.net\\\/#\\\/schema\\\/logo\\\/image\\\/\",\"url\":\"https:\\\/\\\/swissplus.net\\\/wp-content\\\/uploads\\\/Swissplus_Logo_4b_positiv_1.jpg\",\"contentUrl\":\"https:\\\/\\\/swissplus.net\\\/wp-content\\\/uploads\\\/Swissplus_Logo_4b_positiv_1.jpg\",\"width\":1181,\"height\":415,\"caption\":\"Swissplus\"},\"image\":{\"@id\":\"https:\\\/\\\/swissplus.net\\\/#\\\/schema\\\/logo\\\/image\\\/\"},\"sameAs\":[\"https:\\\/\\\/www.facebook.com\\\/SwissPlusAG\\\/\",\"https:\\\/\\\/www.instagram.com\\\/swiss_plus\\\/\"]}]}<\/script>\n<!-- \/ Yoast SEO plugin. -->","yoast_head_json":{"title":"Presse - canap\u00e9s de haute qualit\u00e9 - Swissplus","description":"Presse - swissplus s'est sp\u00e9cialis\u00e9 dans la conception de canap\u00e9s convertibles. Qualit\u00e9 suisse et un haut degr\u00e9 de confort et de commodit\u00e9.","robots":{"index":"index","follow":"follow","max-snippet":"max-snippet:-1","max-image-preview":"max-image-preview:large","max-video-preview":"max-video-preview:-1"},"canonical":"https:\/\/swissplus.net\/fr\/presse\/","og_locale":"fr_FR","og_type":"article","og_title":"Presse - canap\u00e9s de haute qualit\u00e9 - Swissplus","og_description":"Presse - swissplus s'est sp\u00e9cialis\u00e9 dans la conception de canap\u00e9s convertibles. Qualit\u00e9 suisse et un haut degr\u00e9 de confort et de commodit\u00e9.","og_url":"https:\/\/swissplus.net\/fr\/presse\/","og_site_name":"Swissplus","article_publisher":"https:\/\/www.facebook.com\/SwissPlusAG\/","article_modified_time":"2024-01-12T20:38:16+00:00","twitter_card":"summary_large_image","twitter_misc":{"Dur\u00e9e de lecture estim\u00e9e":"1 minute"},"schema":{"@context":"https:\/\/schema.org","@graph":[{"@type":"WebPage","@id":"https:\/\/swissplus.net\/fr\/presse\/","url":"https:\/\/swissplus.net\/fr\/presse\/","name":"Presse - canap\u00e9s de haute qualit\u00e9 - Swissplus","isPartOf":{"@id":"https:\/\/swissplus.net\/#website"},"datePublished":"2017-10-04T09:59:36+00:00","dateModified":"2024-01-12T20:38:16+00:00","description":"Presse - swissplus s'est sp\u00e9cialis\u00e9 dans la conception de canap\u00e9s convertibles. Qualit\u00e9 suisse et un haut degr\u00e9 de confort et de commodit\u00e9.","breadcrumb":{"@id":"https:\/\/swissplus.net\/fr\/presse\/#breadcrumb"},"inLanguage":"fr-FR","potentialAction":[{"@type":"ReadAction","target":["https:\/\/swissplus.net\/fr\/presse\/"]}]},{"@type":"BreadcrumbList","@id":"https:\/\/swissplus.net\/fr\/presse\/#breadcrumb","itemListElement":[{"@type":"ListItem","position":1,"name":"Swissplus","item":"https:\/\/swissplus.net\/fr\/"},{"@type":"ListItem","position":2,"name":"Presse"}]},{"@type":"WebSite","@id":"https:\/\/swissplus.net\/#website","url":"https:\/\/swissplus.net\/","name":"Swissplus","description":"Swissplus","publisher":{"@id":"https:\/\/swissplus.net\/#organization"},"potentialAction":[{"@type":"SearchAction","target":{"@type":"EntryPoint","urlTemplate":"https:\/\/swissplus.net\/?s={search_term_string}"},"query-input":{"@type":"PropertyValueSpecification","valueRequired":true,"valueName":"search_term_string"}}],"inLanguage":"fr-FR"},{"@type":"Organization","@id":"https:\/\/swissplus.net\/#organization","name":"Swissplus","url":"https:\/\/swissplus.net\/","logo":{"@type":"ImageObject","inLanguage":"fr-FR","@id":"https:\/\/swissplus.net\/#\/schema\/logo\/image\/","url":"https:\/\/swissplus.net\/wp-content\/uploads\/Swissplus_Logo_4b_positiv_1.jpg","contentUrl":"https:\/\/swissplus.net\/wp-content\/uploads\/Swissplus_Logo_4b_positiv_1.jpg","width":1181,"height":415,"caption":"Swissplus"},"image":{"@id":"https:\/\/swissplus.net\/#\/schema\/logo\/image\/"},"sameAs":["https:\/\/www.facebook.com\/SwissPlusAG\/","https:\/\/www.instagram.com\/swiss_plus\/"]}]}},"_links":{"self":[{"href":"https:\/\/swissplus.net\/fr\/wp-json\/wp\/v2\/pages\/450","targetHints":{"allow":["GET"]}}],"collection":[{"href":"https:\/\/swissplus.net\/fr\/wp-json\/wp\/v2\/pages"}],"about":[{"href":"https:\/\/swissplus.net\/fr\/wp-json\/wp\/v2\/types\/page"}],"author":[{"embeddable":true,"href":"https:\/\/swissplus.net\/fr\/wp-json\/wp\/v2\/users\/2"}],"replies":[{"embeddable":true,"href":"https:\/\/swissplus.net\/fr\/wp-json\/wp\/v2\/comments?post=450"}],"version-history":[{"count":5,"href":"https:\/\/swissplus.net\/fr\/wp-json\/wp\/v2\/pages\/450\/revisions"}],"predecessor-version":[{"id":5108,"href":"https:\/\/swissplus.net\/fr\/wp-json\/wp\/v2\/pages\/450\/revisions\/5108"}],"wp:attachment":[{"href":"https:\/\/swissplus.net\/fr\/wp-json\/wp\/v2\/media?parent=450"}],"curies":[{"name":"wp","href":"https:\/\/api.w.org\/{rel}","templated":true}]}}